{"id":973,"date":"2021-01-04T22:11:11","date_gmt":"2021-01-04T21:11:11","guid":{"rendered":"http:\/\/job4miouest.fr\/?page_id=973"},"modified":"2025-12-13T16:15:12","modified_gmt":"2025-12-13T15:15:12","slug":"cours-de-francais","status":"publish","type":"page","link":"https:\/\/job4miouest.fr\/index.php\/cours-de-francais\/","title":{"rendered":"Apprentissage du fran\u00e7ais"},"content":{"rendered":"<div class=\"vce-row-container\"><div class=\"vce-row vce-row--xl--has-col-background vce-row--lg--has-col-background vce-row--md--has-col-background vce-row--sm--has-col-background vce-row--xs--has-col-background vce-element--has-background vce-row--col-gap-30 intro-h1 vce-row-equal-height vce-row-content--top\" data-vce-full-width=\"true\" data-vce-stretch-content=\"true\" id=\"el-b490cfba\" data-vce-do-apply=\"all el-b490cfba\"><div class=\"vce-content-background-container\"><\/div><div class=\"vce-row-content\" data-vce-element-content=\"true\"><div class=\"vce-col vce-element--xl--has-background vce-element--lg--has-background vce-element--md--has-background vce-element--sm--has-background vce-element--xs--has-background vce-col--xs-100p vce-col--xs-visible vce-col--xs-last vce-col--xs-first vce-col--sm-100p vce-col--sm-visible vce-col--sm-last vce-col--sm-first vce-col--md-100p vce-col--md-visible vce-col--md-last vce-col--md-first vce-col--lg-100p vce-col--lg-visible vce-col--lg-last vce-col--lg-first vce-col--xl-44-01p vce-col--xl-visible vce-col--xl-first\" id=\"el-61cb9f16\"><div class=\"vce-col-inner\" data-vce-do-apply=\"border margin background  el-61cb9f16\"><div class=\"vce-content-background-container\"><div class=\"vce-asset-background-simple-container vce-visible-xl-only vce-asset-background-simple--style-no-repeat vce-asset-background-simple--position-left-top\"><div class=\"vce-asset-background-simple\"><div class=\"vce-asset-background-simple-item\" style=\"background-image: url('https:\/\/job4miouest.fr\/wp-content\/uploads\/2020\/12\/JOB4mi-association-element-graph-7.png');\"><\/div><\/div><\/div><div class=\"vce-asset-background-simple-container vce-visible-lg-only vce-asset-background-simple--style-no-repeat vce-asset-background-simple--position-left-top\"><div class=\"vce-asset-background-simple\"><div class=\"vce-asset-background-simple-item\" style=\"background-image: url('https:\/\/job4miouest.fr\/wp-content\/uploads\/2020\/11\/JOB4mi-association-element-graph-6.png');\"><\/div><\/div><\/div><div class=\"vce-asset-background-simple-container vce-visible-md-only vce-asset-background-simple--style-no-repeat vce-asset-background-simple--position-left-top\"><div class=\"vce-asset-background-simple\"><div class=\"vce-asset-background-simple-item\" style=\"background-image: url('https:\/\/job4miouest.fr\/wp-content\/uploads\/2020\/11\/JOB4mi-association-element-graph-6.png');\"><\/div><\/div><\/div><div class=\"vce-asset-background-simple-container vce-visible-sm-only vce-asset-background-simple--style-no-repeat vce-asset-background-simple--position-left-top\"><div class=\"vce-asset-background-simple\"><div class=\"vce-asset-background-simple-item\" style=\"background-image: url('https:\/\/job4miouest.fr\/wp-content\/uploads\/2020\/11\/JOB4mi-association-element-graph-6.png');\"><\/div><\/div><\/div><div class=\"vce-asset-background-simple-container vce-visible-xs-only vce-asset-background-simple--style-no-repeat vce-asset-background-simple--position-left-top\"><div class=\"vce-asset-background-simple\"><div class=\"vce-asset-background-simple-item\" style=\"background-image: url('https:\/\/job4miouest.fr\/wp-content\/uploads\/2020\/11\/JOB4mi-association-element-graph-6.png');\"><\/div><\/div><\/div><\/div><div class=\"vce-col-content\" data-vce-element-content=\"true\" data-vce-do-apply=\"padding el-61cb9f16\"><div class=\"vce-text-block\"><div class=\"vce-text-block-wrapper vce\" id=\"el-b74cb2d9\" data-vce-do-apply=\"all el-b74cb2d9\"><h1 style=\"text-align: center;\">Ressources<\/h1><\/div><\/div><div class=\"vce vce-separator-container vce-separator--align-center vce-separator--style-solid\" id=\"el-a9810362\" data-vce-do-apply=\"margin el-a9810362\"><div class=\"vce-separator vce-separator--color-b-58-80-141 vce-separator--width-14 vce-separator--thickness-4\" data-vce-do-apply=\"border padding background  el-a9810362\"><\/div><\/div><div class=\"vce-text-block\"><div class=\"vce-text-block-wrapper vce\" id=\"el-b593ad52\" data-vce-do-apply=\"all el-b593ad52\"><h2 style=\"text-align: center;\">Apprentissage du fran\u00e7ais<\/h2><\/div><\/div><\/div><\/div><\/div><div class=\"vce-col vce-col--xs-100p vce-col--xs-visible vce-col--xs-last vce-col--xs-first vce-col--sm-100p vce-col--sm-visible vce-col--sm-last vce-col--sm-first vce-col--md-100p vce-col--md-visible vce-col--md-last vce-col--md-first vce-col--lg-100p vce-col--lg-visible vce-col--lg-last vce-col--lg-first vce-col--xl-55-95p vce-col--xl-visible vce-col--xl-last\" id=\"el-a4f0469e\"><div class=\"vce-col-inner\" data-vce-do-apply=\"border margin background  el-a4f0469e\"><div class=\"vce-content-background-container\"><\/div><div class=\"vce-col-content\" data-vce-element-content=\"true\" data-vce-do-apply=\"padding el-a4f0469e\"><div class=\"vce-single-image-container vce-single-image--align-right\"><div class=\"vce vce-single-image-wrapper\" id=\"el-4e3d32a0\" data-vce-do-apply=\"all el-4e3d32a0\"><figure><div class=\"vce-single-image-figure-inner\" style=\"width: 2560px;\"><div class=\"vce-single-image-inner vce-single-image--absolute\" style=\"width: 100%; padding-bottom: 66.6797%;\"><img decoding=\"async\" class=\"vce-single-image\" src=\"https:\/\/job4miouest.fr\/wp-content\/uploads\/2021\/01\/apprent-francais-thoughtful-students-talk_Matthiew-Henry-scaled.jpg\" data-img-src=\"https:\/\/job4miouest.fr\/wp-content\/uploads\/2021\/01\/apprent-francais-thoughtful-students-talk_Matthiew-Henry-scaled.jpg\" data-attachment-id=\"1013\" alt=\"Etudiants en fran\u00e7ais\" title=\"apprent francais thoughtful-students-talk_Matthiew Henry\"><\/div><\/div><figcaption hidden=\"\"><\/figcaption><\/figure><\/div><\/div><\/div><\/div><\/div><\/div><\/div><\/div><div class=\"vce-row-container\" data-vce-boxed-width=\"true\"><div class=\"vce-row vce-row--col-gap-30 content-page red vce-row-equal-height vce-row-content--top\" id=\"el-b52e260f\" data-vce-do-apply=\"all el-b52e260f\"><div class=\"vce-content-background-container\"><\/div><div class=\"vce-row-content\" data-vce-element-content=\"true\"><div class=\"vce-col vce-col--md-auto vce-col--xs-1 vce-col--xs-last vce-col--xs-first vce-col--sm-last vce-col--sm-first vce-col--md-last vce-col--lg-last vce-col--xl-last vce-col--md-first vce-col--lg-first vce-col--xl-first\" id=\"el-5fba0174\"><div class=\"vce-col-inner\" data-vce-do-apply=\"border margin background  el-5fba0174\"><div class=\"vce-col-content\" data-vce-element-content=\"true\" data-vce-do-apply=\"padding el-5fba0174\"><div class=\"vce-text-block\"><div class=\"vce-text-block-wrapper vce\" id=\"el-30eca998\" data-vce-do-apply=\"all el-30eca998\"><h2>L'apprentissage du fran\u00e7ais<\/h2><\/div><\/div><div class=\"vce vce-separator-container vce-separator--align-left vce-separator--style-solid\" id=\"el-de338e25\" data-vce-do-apply=\"margin el-de338e25\"><div class=\"vce-separator vce-separator--color-b-246-182-12 vce-separator--width-6 vce-separator--thickness-4\" data-vce-do-apply=\"border padding background  el-de338e25\"><\/div><\/div><div class=\"vce-text-block\"><div class=\"vce-text-block-wrapper vce\" id=\"el-e30fe9fd\" data-vce-do-apply=\"all el-e30fe9fd\"><p><span style=\"color: #ff0000;\">Pour l'emploi<\/span><\/p>\n<p>Le niveau de fran\u00e7ais requis pour tenir un emploi d\u00e9pend du niveau de qualification n\u00e9cessaire du poste vis\u00e9. Une connaissance rudimentaire de la langue suffit pour r\u00e9colter le muguet. Pour tenir un poste en entreprise avec une certaine autonomie, une ma\u00eetrise d\u2019un fran\u00e7ais plus compl\u00e8te devient n\u00e9cessaire. La majorit\u00e9 des premiers emplois n\u00e9cessite un niveau A2.<\/p>\n<p>Les titulaires d\u2019un titre de s\u00e9jour b\u00e9n\u00e9ficient par l\u2019OFII d\u2019un parcours initial de formation de 400 heures, gratuit, en vue de l\u2019obtention du niveau A1, mais qui est g\u00e9n\u00e9ralement insuffisant pour obtenir un emploi.<\/p>\n<p>Dans la r\u00e9gion nantaise, on recense <a href=\"https:\/\/www.bonjourbonjour.fr\">plus de 70 lieux de formation possibles<\/a>, dont la majorit\u00e9 sont gratuits, ou pris en charge par la R\u00e9gion, d\u2019autres payants.<\/p>\n<p>Pour chaque cas particulier, une recherche de la formation la plus adapt\u00e9e est n\u00e9cessaire.<\/p>\n<p><span style=\"color: #ff0000;\">Pour les titres de s\u00e9jour<\/span><\/p>\n<p>La r\u00e8glementation est en cours de modification, voici les r\u00e8gles qui entreront en vigueur au 1er janvier 2026. <a href=\"https:\/\/job4miouest.fr\/wp-content\/uploads\/2025\/12\/20250918_PPT_ReunionFLangues.pdf\">Document \u00e0 t\u00e9l\u00e9charger<\/a>.<\/p><\/div><\/div><div class=\"vce-shortcode\"><div class=\"vce-shortcode-wrapper vce\" id=\"el-bd0aa98d\" data-vce-do-apply=\"all el-bd0aa98d\"><\/div><\/div><div class=\"vce-button--style-basic-container vce-button--style-basic-container--align-right\"><span class=\"vce-button--style-basic-wrapper vce\" id=\"el-0457bc5f\" data-vce-do-apply=\"margin el-0457bc5f\"><a class=\"vce-button vce-button--style-basic vce-button--style-basic--border-rounded vce-button--style-basic--size-medium vce-button--style-basic--color-b-255-107-67--fff\" href=\"https:\/\/job4miouest.fr\/wp-content\/uploads\/2024\/07\/Informations-FLE-2024.docx.pdf\" title=\"Formations au fran\u00e7ais\" target=\"_blank\" data-vce-do-apply=\"padding border background  el-0457bc5f\">Formations au fran\u00e7ais<\/a><\/span><\/div><\/div><\/div><\/div><\/div><\/div><\/div><div class=\"vce-row-container\" data-vce-boxed-width=\"true\"><div class=\"vce-row vce-row--col-gap-30 content-page red vce-row-equal-height vce-row-content--top\" id=\"el-d5ce2d6a\" data-vce-do-apply=\"all el-d5ce2d6a\"><div class=\"vce-content-background-container\"><\/div><div class=\"vce-row-content\" data-vce-element-content=\"true\"><div class=\"vce-col vce-col--md-auto vce-col--xs-1 vce-col--xs-last vce-col--xs-first vce-col--sm-last vce-col--sm-first vce-col--md-last vce-col--lg-last vce-col--xl-last vce-col--md-first vce-col--lg-first vce-col--xl-first\" id=\"el-6b945aa9\"><div class=\"vce-col-inner\" data-vce-do-apply=\"border margin background  el-6b945aa9\"><div class=\"vce-col-content\" data-vce-element-content=\"true\" data-vce-do-apply=\"padding el-6b945aa9\"><div class=\"vce-shortcode\"><div class=\"vce-shortcode-wrapper vce\" id=\"el-d78f3403\" data-vce-do-apply=\"all el-d78f3403\"><style>#sp-ea-869 .spcollapsing { height: 0; overflow: hidden; transition-property: height;transition-duration: 500ms;}#sp-ea-869.sp-easy-accordion>.sp-ea-single {margin-bottom: 10px; border: 1px solid #e2e2e2; }#sp-ea-869.sp-easy-accordion>.sp-ea-single>.ea-header a {color: #444;}#sp-ea-869.sp-easy-accordion>.sp-ea-single>.sp-collapse>.ea-body {background: #fff; color: #444;}#sp-ea-869.sp-easy-accordion>.sp-ea-single {background: #eee;}#sp-ea-869.sp-easy-accordion>.sp-ea-single>.ea-header a .ea-expand-icon { float: left; color: #444;font-size: 16px;}<\/style><div id=\"sp_easy_accordion-1776781066\"><div id=\"sp-ea-869\" class=\"sp-ea-one sp-easy-accordion\" data-ea-active=\"ea-click\" data-ea-mode=\"vertical\" data-preloader=\"\" data-scroll-active-item=\"\" data-offset-to-scroll=\"0\"><div class=\"ea-card sp-ea-single\"><h3 class=\"ea-header\"><a class=\"collapsed\" id=\"ea-header-8690\" role=\"button\" data-sptoggle=\"spcollapse\" data-sptarget=\"#collapse8690\" aria-controls=\"collapse8690\" href=\"#\" aria-expanded=\"false\" tabindex=\"0\"><i aria-hidden=\"true\" role=\"presentation\" class=\"ea-expand-icon eap-icon-ea-expand-plus\"><\/i> Pour une personne en formation initiale<\/a><\/h3><div class=\"sp-collapse spcollapse spcollapse\" id=\"collapse8690\" data-parent=\"#sp-ea-869\" role=\"region\" aria-labelledby=\"ea-header-8690\"> <div class=\"ea-body\"><p>Le temps plein est la formule la plus adapt\u00e9e. Elle se font dans les instituts sp\u00e9cialis\u00e9s et sont financ\u00e9es par les organismes sociaux (OFII, P\u00f4le Emploi, Conseil d\u00e9partemental, Maisons de Quartier etc.).<\/p><\/div><\/div><\/div><div class=\"ea-card sp-ea-single\"><h3 class=\"ea-header\"><a class=\"collapsed\" id=\"ea-header-8691\" role=\"button\" data-sptoggle=\"spcollapse\" data-sptarget=\"#collapse8691\" aria-controls=\"collapse8691\" href=\"#\" aria-expanded=\"false\" tabindex=\"0\"><i aria-hidden=\"true\" role=\"presentation\" class=\"ea-expand-icon eap-icon-ea-expand-plus\"><\/i> Pour une personne au travail<\/a><\/h3><div class=\"sp-collapse spcollapse spcollapse\" id=\"collapse8691\" data-parent=\"#sp-ea-869\" role=\"region\" aria-labelledby=\"ea-header-8691\"> <div class=\"ea-body\"><p>Il faut tenir compte des horaires qui peuvent \u00eatre tr\u00e8s diff\u00e9rents (travail de jour, travail de nuit, horaires d\u00e9cal\u00e9s) et de la distance entre le lieu de travail et le lieu de formation.<\/p><ul><li>L\u2019id\u00e9al est le cours de fran\u00e7ais int\u00e9gr\u00e9 \u00e0 la formation si elle se fait sur le site de travail, ou encore int\u00e9gr\u00e9 dans la journ\u00e9e de travail<\/li><li>L\u2019offre la plus abondante est faite par les organismes de formation le soir apr\u00e8s 18h. Cela pose un probl\u00e8me \u00e0 ceux qui travaillent en grande banlieue<\/li><li>Certaines formations sont propos\u00e9es apr\u00e8s 20h. C\u2019est difficile pour ceux qui sont rentr\u00e9s chez eux \u00e0 18h apr\u00e8s une journ\u00e9e de travail.<\/li><\/ul><\/div><\/div><\/div><div class=\"ea-card sp-ea-single\"><h3 class=\"ea-header\"><a class=\"collapsed\" id=\"ea-header-8692\" role=\"button\" data-sptoggle=\"spcollapse\" data-sptarget=\"#collapse8692\" aria-controls=\"collapse8692\" href=\"#\" aria-expanded=\"false\" tabindex=\"0\"><i aria-hidden=\"true\" role=\"presentation\" class=\"ea-expand-icon eap-icon-ea-expand-plus\"><\/i> Pour les personnes qui sont en recherche de travail<\/a><\/h3><div class=\"sp-collapse spcollapse spcollapse\" id=\"collapse8692\" data-parent=\"#sp-ea-869\" role=\"region\" aria-labelledby=\"ea-header-8692\"> <div class=\"ea-body\"><p>Pour les personnes qui sont en recherche de travail, et qui sont donc libres en journ\u00e9e, de nombreuses associations proposent une formation assur\u00e9e souvent gratuitement par des b\u00e9n\u00e9voles tr\u00e8s comp\u00e9tents. Le rythme est assez lent (une apr\u00e8s-midi par semaine, typiquement). Cela demande au stagiaire une implication personnelle importante. Les personnes ont souvent besoin d\u2019un accompagnement plus \u00e9troit pour progresser.<\/p><\/div><\/div><\/div><div class=\"ea-card sp-ea-single\"><h3 class=\"ea-header\"><a class=\"collapsed\" id=\"ea-header-8693\" role=\"button\" data-sptoggle=\"spcollapse\" data-sptarget=\"#collapse8693\" aria-controls=\"collapse8693\" href=\"#\" aria-expanded=\"false\" tabindex=\"0\"><i aria-hidden=\"true\" role=\"presentation\" class=\"ea-expand-icon eap-icon-ea-expand-plus\"><\/i> Des formations payantes <\/a><\/h3><div class=\"sp-collapse spcollapse spcollapse\" id=\"collapse8693\" data-parent=\"#sp-ea-869\" role=\"region\" aria-labelledby=\"ea-header-8693\"> <div class=\"ea-body\"><p>Il existe des formations payantes qui proposent 2h de cours trois fois par semaine, avec des exercices personnels \u00e0 faire seul. Cela demande un niveau de fran\u00e7ais initial assez avanc\u00e9, une certaine autonomie et comme pour toutes les autres formules, une grande motivation.<\/p><\/div><\/div><\/div><\/div><\/div><\/div><\/div><\/div><\/div><\/div><\/div><\/div><\/div><div class=\"vce-row-container\" data-vce-boxed-width=\"true\"><div class=\"vce-row vce-row--col-gap-30 vce-row-equal-height vce-row-content--top\" id=\"el-71a392dc\" data-vce-do-apply=\"all el-71a392dc\"><div class=\"vce-row-content\" data-vce-element-content=\"true\"><div class=\"vce-col vce-col--md-auto vce-col--xs-1 vce-col--xs-last vce-col--xs-first vce-col--sm-last vce-col--sm-first vce-col--md-last vce-col--lg-last vce-col--xl-last vce-col--md-first vce-col--lg-first vce-col--xl-first\" id=\"el-24b891ab\"><div class=\"vce-col-inner\" data-vce-do-apply=\"border margin background  el-24b891ab\"><div class=\"vce-col-content\" data-vce-element-content=\"true\" data-vce-do-apply=\"padding el-24b891ab\"><div><\/div><\/div><\/div><\/div><\/div><\/div><\/div>","protected":false},"excerpt":{"rendered":"<p>RessourcesApprentissage du fran\u00e7aisL&rsquo;apprentissage du fran\u00e7aisPour l&#8217;emploi Le niveau de fran\u00e7ais requis pour tenir un emploi d\u00e9pend du niveau de qualification n\u00e9cessaire du poste vis\u00e9. Une&hellip;<\/p>\n","protected":false},"author":7,"featured_media":0,"parent":0,"menu_order":0,"comment_status":"closed","ping_status":"closed","template":"","meta":{"footnotes":""},"class_list":["post-973","page","type-page","status-publish","hentry"],"yoast_head":"<!-- This site is optimized with the Yoast SEO plugin v24.9 - https:\/\/yoast.com\/wordpress\/plugins\/seo\/ -->\n<title>Apprentissage du fran\u00e7ais - Job4mi Ouest<\/title>\n<meta name=\"description\" content=\"Pour travailler en entreprise il faut parler et lire le fran\u00e7ais. Dans la r\u00e9gion nantaise, on recense plus de 70 lieux de formation possibles, dont la majorit\u00e9 sont gratuits, ou pris en charge par la R\u00e9gion, d\u2019autres payants.\" \/>\n<meta name=\"robots\" content=\"index, follow, max-snippet:-1, max-image-preview:large, max-video-preview:-1\" \/>\n<link rel=\"canonical\" href=\"https:\/\/job4miouest.fr\/index.php\/cours-de-francais\/\" \/>\n<meta property=\"og:locale\" content=\"fr_FR\" \/>\n<meta property=\"og:type\" content=\"article\" \/>\n<meta property=\"og:title\" content=\"Apprentissage du fran\u00e7ais - Job4mi Ouest\" \/>\n<meta property=\"og:description\" content=\"Pour travailler en entreprise il faut parler et lire le fran\u00e7ais. Dans la r\u00e9gion nantaise, on recense plus de 70 lieux de formation possibles, dont la majorit\u00e9 sont gratuits, ou pris en charge par la R\u00e9gion, d\u2019autres payants.\" \/>\n<meta property=\"og:url\" content=\"https:\/\/job4miouest.fr\/index.php\/cours-de-francais\/\" \/>\n<meta property=\"og:site_name\" content=\"Job4mi Ouest\" \/>\n<meta property=\"article:modified_time\" content=\"2025-12-13T15:15:12+00:00\" \/>\n<meta name=\"twitter:card\" content=\"summary_large_image\" \/>\n<meta name=\"twitter:label1\" content=\"Dur\u00e9e de lecture estim\u00e9e\" \/>\n\t<meta name=\"twitter:data1\" content=\"1 minute\" \/>\n<script type=\"application\/ld+json\" class=\"yoast-schema-graph\">{\"@context\":\"https:\/\/schema.org\",\"@graph\":[{\"@type\":\"WebPage\",\"@id\":\"https:\/\/job4miouest.fr\/index.php\/cours-de-francais\/\",\"url\":\"https:\/\/job4miouest.fr\/index.php\/cours-de-francais\/\",\"name\":\"Apprentissage du fran\u00e7ais - Job4mi Ouest\",\"isPartOf\":{\"@id\":\"http:\/\/job4miouest.fr\/#website\"},\"datePublished\":\"2021-01-04T21:11:11+00:00\",\"dateModified\":\"2025-12-13T15:15:12+00:00\",\"description\":\"Pour travailler en entreprise il faut parler et lire le fran\u00e7ais. Dans la r\u00e9gion nantaise, on recense plus de 70 lieux de formation possibles, dont la majorit\u00e9 sont gratuits, ou pris en charge par la R\u00e9gion, d\u2019autres payants.\",\"breadcrumb\":{\"@id\":\"https:\/\/job4miouest.fr\/index.php\/cours-de-francais\/#breadcrumb\"},\"inLanguage\":\"fr-FR\",\"potentialAction\":[{\"@type\":\"ReadAction\",\"target\":[\"https:\/\/job4miouest.fr\/index.php\/cours-de-francais\/\"]}]},{\"@type\":\"BreadcrumbList\",\"@id\":\"https:\/\/job4miouest.fr\/index.php\/cours-de-francais\/#breadcrumb\",\"itemListElement\":[{\"@type\":\"ListItem\",\"position\":1,\"name\":\"Accueil\",\"item\":\"https:\/\/job4miouest.fr\/\"},{\"@type\":\"ListItem\",\"position\":2,\"name\":\"Apprentissage du fran\u00e7ais\"}]},{\"@type\":\"WebSite\",\"@id\":\"http:\/\/job4miouest.fr\/#website\",\"url\":\"http:\/\/job4miouest.fr\/\",\"name\":\"Job4mi Ouest\",\"description\":\"Ensemble, parcourons les chemins de l\u2019int\u00e9gration par l\u2019emploi\",\"potentialAction\":[{\"@type\":\"SearchAction\",\"target\":{\"@type\":\"EntryPoint\",\"urlTemplate\":\"http:\/\/job4miouest.fr\/?s={search_term_string}\"},\"query-input\":{\"@type\":\"PropertyValueSpecification\",\"valueRequired\":true,\"valueName\":\"search_term_string\"}}],\"inLanguage\":\"fr-FR\"}]}<\/script>\n<!-- \/ Yoast SEO plugin. -->","yoast_head_json":{"title":"Apprentissage du fran\u00e7ais - Job4mi Ouest","description":"Pour travailler en entreprise il faut parler et lire le fran\u00e7ais. Dans la r\u00e9gion nantaise, on recense plus de 70 lieux de formation possibles, dont la majorit\u00e9 sont gratuits, ou pris en charge par la R\u00e9gion, d\u2019autres payants.","robots":{"index":"index","follow":"follow","max-snippet":"max-snippet:-1","max-image-preview":"max-image-preview:large","max-video-preview":"max-video-preview:-1"},"canonical":"https:\/\/job4miouest.fr\/index.php\/cours-de-francais\/","og_locale":"fr_FR","og_type":"article","og_title":"Apprentissage du fran\u00e7ais - Job4mi Ouest","og_description":"Pour travailler en entreprise il faut parler et lire le fran\u00e7ais. Dans la r\u00e9gion nantaise, on recense plus de 70 lieux de formation possibles, dont la majorit\u00e9 sont gratuits, ou pris en charge par la R\u00e9gion, d\u2019autres payants.","og_url":"https:\/\/job4miouest.fr\/index.php\/cours-de-francais\/","og_site_name":"Job4mi Ouest","article_modified_time":"2025-12-13T15:15:12+00:00","twitter_card":"summary_large_image","twitter_misc":{"Dur\u00e9e de lecture estim\u00e9e":"1 minute"},"schema":{"@context":"https:\/\/schema.org","@graph":[{"@type":"WebPage","@id":"https:\/\/job4miouest.fr\/index.php\/cours-de-francais\/","url":"https:\/\/job4miouest.fr\/index.php\/cours-de-francais\/","name":"Apprentissage du fran\u00e7ais - Job4mi Ouest","isPartOf":{"@id":"http:\/\/job4miouest.fr\/#website"},"datePublished":"2021-01-04T21:11:11+00:00","dateModified":"2025-12-13T15:15:12+00:00","description":"Pour travailler en entreprise il faut parler et lire le fran\u00e7ais. Dans la r\u00e9gion nantaise, on recense plus de 70 lieux de formation possibles, dont la majorit\u00e9 sont gratuits, ou pris en charge par la R\u00e9gion, d\u2019autres payants.","breadcrumb":{"@id":"https:\/\/job4miouest.fr\/index.php\/cours-de-francais\/#breadcrumb"},"inLanguage":"fr-FR","potentialAction":[{"@type":"ReadAction","target":["https:\/\/job4miouest.fr\/index.php\/cours-de-francais\/"]}]},{"@type":"BreadcrumbList","@id":"https:\/\/job4miouest.fr\/index.php\/cours-de-francais\/#breadcrumb","itemListElement":[{"@type":"ListItem","position":1,"name":"Accueil","item":"https:\/\/job4miouest.fr\/"},{"@type":"ListItem","position":2,"name":"Apprentissage du fran\u00e7ais"}]},{"@type":"WebSite","@id":"http:\/\/job4miouest.fr\/#website","url":"http:\/\/job4miouest.fr\/","name":"Job4mi Ouest","description":"Ensemble, parcourons les chemins de l\u2019int\u00e9gration par l\u2019emploi","potentialAction":[{"@type":"SearchAction","target":{"@type":"EntryPoint","urlTemplate":"http:\/\/job4miouest.fr\/?s={search_term_string}"},"query-input":{"@type":"PropertyValueSpecification","valueRequired":true,"valueName":"search_term_string"}}],"inLanguage":"fr-FR"}]}},"rttpg_featured_image_url":null,"rttpg_author":{"display_name":"Amandine Dampierre-Pecnik","author_link":"https:\/\/job4miouest.fr\/index.php\/author\/adampierrepecnik\/"},"rttpg_comment":0,"rttpg_category":null,"rttpg_excerpt":"RessourcesApprentissage du fran\u00e7aisL'apprentissage du fran\u00e7aisPour l'emploi Le niveau de fran\u00e7ais requis pour tenir un emploi d\u00e9pend du niveau de qualification n\u00e9cessaire du poste vis\u00e9. Une&hellip;","_links":{"self":[{"href":"https:\/\/job4miouest.fr\/index.php\/wp-json\/wp\/v2\/pages\/973","targetHints":{"allow":["GET"]}}],"collection":[{"href":"https:\/\/job4miouest.fr\/index.php\/wp-json\/wp\/v2\/pages"}],"about":[{"href":"https:\/\/job4miouest.fr\/index.php\/wp-json\/wp\/v2\/types\/page"}],"author":[{"embeddable":true,"href":"https:\/\/job4miouest.fr\/index.php\/wp-json\/wp\/v2\/users\/7"}],"replies":[{"embeddable":true,"href":"https:\/\/job4miouest.fr\/index.php\/wp-json\/wp\/v2\/comments?post=973"}],"version-history":[{"count":48,"href":"https:\/\/job4miouest.fr\/index.php\/wp-json\/wp\/v2\/pages\/973\/revisions"}],"predecessor-version":[{"id":2213,"href":"https:\/\/job4miouest.fr\/index.php\/wp-json\/wp\/v2\/pages\/973\/revisions\/2213"}],"wp:attachment":[{"href":"https:\/\/job4miouest.fr\/index.php\/wp-json\/wp\/v2\/media?parent=973"}],"curies":[{"name":"wp","href":"https:\/\/api.w.org\/{rel}","templated":true}]}}