{"id":489,"date":"2020-12-03T09:20:06","date_gmt":"2020-12-03T08:20:06","guid":{"rendered":"http:\/\/job4miouest.fr\/?page_id=489"},"modified":"2021-02-02T12:13:20","modified_gmt":"2021-02-02T11:13:20","slug":"contribuer","status":"publish","type":"page","link":"https:\/\/job4miouest.fr\/index.php\/contribuer\/","title":{"rendered":"Contribuer"},"content":{"rendered":"<div class=\"vce-row-container\"><div class=\"vce-row vce-element--has-background vce-row--col-gap-30 vce-row-equal-height vce-row-columns--top vce-row-content--top\" data-vce-full-width=\"true\" data-vce-stretch-content=\"true\" id=\"el-bf47c6ce\" data-vce-do-apply=\"all el-bf47c6ce\"><div class=\"vce-content-background-container\"><div class=\"vce-asset-background-simple-container vce-visible-all-only vce-asset-background-simple--style-no-repeat vce-asset-background-simple--position-left-top\"><div class=\"vce-asset-background-simple\"><div class=\"vce-asset-background-simple-item\" style=\"background-image: url('https:\/\/job4miouest.fr\/wp-content\/uploads\/2020\/12\/JOB4mi-association-element-graph-7.png');\"><\/div><\/div><\/div><\/div><div class=\"vce-row-content\" data-vce-element-content=\"true\"><div class=\"vce-col vce-col--md-auto vce-col--xs-1 vce-col--xs-last vce-col--xs-first vce-col--sm-last vce-col--sm-first vce-col--md-last vce-col--lg-last vce-col--xl-last vce-col--md-first vce-col--lg-first vce-col--xl-first\" id=\"el-9a47df0f\"><div class=\"vce-col-inner\" data-vce-do-apply=\"border margin background  el-9a47df0f\"><div class=\"vce-col-content\" data-vce-element-content=\"true\" data-vce-do-apply=\"padding el-9a47df0f\"><div class=\"vce-text-block\"><div class=\"vce-text-block-wrapper vce\" id=\"el-6b463678\" data-vce-do-apply=\"all el-6b463678\"><h2 id=\"mcetoc_1eohghhai0\" style=\"text-align: center;\"><span style=\"color: #ffffff;\">Contribuer<\/span><\/h2><\/div><\/div><div class=\"vce vce-separator-container vce-separator--align-center vce-separator--style-solid\" id=\"el-9ab447cc\" data-vce-do-apply=\"margin el-9ab447cc\"><div class=\"vce-separator vce-separator--color-b-58-80-141 vce-separator--width-5 vce-separator--thickness-4\" data-vce-do-apply=\"border padding background  el-9ab447cc\"><\/div><\/div><\/div><\/div><\/div><\/div><\/div><\/div><div class=\"vce-row-container\" data-vce-boxed-width=\"true\"><div class=\"vce-row vce-row--has-col-background vce-row--col-gap-0 vce-row-equal-height vce-row-columns--top vce-row-content--top\" id=\"el-6d9fd81b\" data-vce-do-apply=\"all el-6d9fd81b\"><div class=\"vce-content-background-container\"><\/div><div class=\"vce-row-content\" data-vce-element-content=\"true\"><div class=\"vce-col vce-element--xl--has-background vce-col--xs-100p vce-col--xs-visible vce-col--xs-last vce-col--xs-first vce-col--sm-100p vce-col--sm-visible vce-col--sm-last vce-col--sm-first vce-col--md-100p vce-col--md-visible vce-col--md-last vce-col--md-first vce-col--lg-66-66p vce-col--lg-visible vce-col--lg-first vce-col--xl-66-66p vce-col--xl-visible vce-col--xl-first\" id=\"el-a12cd7bf\"><div class=\"vce-col-inner\" data-vce-do-apply=\"border margin background  el-a12cd7bf\"><div class=\"vce-content-background-container\"><\/div><div class=\"vce-col-content\" data-vce-element-content=\"true\" data-vce-do-apply=\"padding el-a12cd7bf\"><div class=\"vce-text-block\"><div class=\"vce-text-block-wrapper vce\" id=\"el-675a52ca\" data-vce-do-apply=\"all el-675a52ca\"><p style=\"text-align: center;\"><span style=\"color: #3a508d;\">Vous souhaitez participer \u00e0 notre engagement ? Merci de votre motivation et de votre soutien. Apr\u00e8s avoir rempli ce formulaire, <\/span><span style=\"color: #3a508d;\">nous vous contacterons rapidement..<\/span><\/p><\/div><\/div><div class=\"vce-text-block\"><div class=\"vce-text-block-wrapper vce\" id=\"el-f306fd1b\" data-vce-do-apply=\"all el-f306fd1b\"><h3 style=\"text-align: center;\"><strong>NOUS REJOINDRE<\/strong><\/h3><\/div><\/div><div class=\"vce vce-separator-container vce-separator--align-center vce-separator--style-solid\" id=\"el-44fb84eb\" data-vce-do-apply=\"margin el-44fb84eb\"><div class=\"vce-separator vce-separator--color-b-246-182-12 vce-separator--width-5 vce-separator--thickness-4\" data-vce-do-apply=\"border padding background  el-44fb84eb\"><\/div><\/div><div class=\"vce-shortcode\"><div class=\"vce-shortcode-wrapper vce\" id=\"el-b141c9fe\" data-vce-do-apply=\"all el-b141c9fe\"><div class=\"frm_forms  with_frm_style frm_style_style-formidable\" id=\"frm_form_2_container\" >\n<form enctype=\"multipart\/form-data\" method=\"post\" class=\"frm-show-form \" id=\"form_formcontrib\" >\n<div class=\"frm_form_fields \">\n<fieldset>\n<legend class=\"frm_screen_reader\">form contrib<\/legend>\r\n\r\n<div class=\"frm_fields_container\">\n<input type=\"hidden\" name=\"frm_action\" value=\"create\" \/>\n<input type=\"hidden\" name=\"form_id\" value=\"2\" \/>\n<input type=\"hidden\" name=\"frm_hide_fields_2\" id=\"frm_hide_fields_2\" value=\"\" \/>\n<input type=\"hidden\" name=\"form_key\" value=\"formcontrib\" \/>\n<input type=\"hidden\" name=\"item_meta[0]\" value=\"\" \/>\n<input type=\"hidden\" id=\"frm_submit_entry_2\" name=\"frm_submit_entry_2\" value=\"6866a815d4\" \/><input type=\"hidden\" name=\"_wp_http_referer\" value=\"\/index.php\/wp-json\/wp\/v2\/pages\/489\" \/><div id=\"frm_field_7_container\" class=\"frm_form_field form-field  frm_required_field frm_top_container frm_half\">\r\n    <label for=\"field_vepdb\" id=\"field_vepdb_label\" class=\"frm_primary_label\">Nom\r\n        <span class=\"frm_required\">*<\/span>\r\n    <\/label>\r\n    <input type=\"text\" id=\"field_vepdb\" name=\"item_meta[7]\" value=\"\"  data-reqmsg=\"Nom ne peut pas \u00eatre vide.\" aria-required=\"true\" data-invmsg=\"texte est non valide\" aria-invalid=\"false\"  \/>\r\n    \r\n    \r\n<\/div>\n<div id=\"frm_field_6_container\" class=\"frm_form_field form-field  frm_required_field frm_top_container frm_half\">\r\n    <label for=\"field_ttoms\" id=\"field_ttoms_label\" class=\"frm_primary_label\">Pr\u00e9nom\r\n        <span class=\"frm_required\">*<\/span>\r\n    <\/label>\r\n    <input type=\"text\" id=\"field_ttoms\" name=\"item_meta[6]\" value=\"\"  data-reqmsg=\"Pr\u00e9nom ne peut pas \u00eatre vide.\" aria-required=\"true\" data-invmsg=\"texte est non valide\" aria-invalid=\"false\"  \/>\r\n    \r\n    \r\n<\/div>\n<div id=\"frm_field_8_container\" class=\"frm_form_field form-field  frm_top_container vertical_radio\">\r\n    <div  id=\"field_bx9d1_label\" class=\"frm_primary_label\">\r\n        <span class=\"frm_required\"><\/span>\r\n    <\/div>\r\n    <div class=\"frm_opt_container\" aria-labelledby=\"field_bx9d1_label\" role=\"group\">\t\t<div class=\"frm_checkbox\" id=\"frm_checkbox_8-0\">\t\t\t<label  for=\"field_bx9d1-0\">\n\t\t\t<input type=\"checkbox\" name=\"item_meta[8][]\" id=\"field_bx9d1-0\" value=\"Je souhaite rejoindre les b\u00e9n\u00e9voles\"  data-invmsg=\"Ce champ est non valide\"   \/> Je souhaite rejoindre les b\u00e9n\u00e9voles<\/label><\/div>\n\t\t<div class=\"frm_checkbox\" id=\"frm_checkbox_8-1\">\t\t\t<label  for=\"field_bx9d1-1\">\n\t\t\t<input type=\"checkbox\" name=\"item_meta[8][]\" id=\"field_bx9d1-1\" value=\"Je souhaite devenir partenaire en tant qu\u2019association\"  data-invmsg=\"Ce champ est non valide\"   \/> Je souhaite devenir partenaire en tant qu\u2019association<\/label><\/div>\n\t\t<div class=\"frm_checkbox\" id=\"frm_checkbox_8-2\">\t\t\t<label  for=\"field_bx9d1-2\">\n\t\t\t<input type=\"checkbox\" name=\"item_meta[8][]\" id=\"field_bx9d1-2\" value=\"Je souhaite devenir partenaire en tant qu\u2019employeur\"  data-invmsg=\"Ce champ est non valide\"   \/> Je souhaite devenir partenaire en tant qu\u2019employeur<\/label><\/div>\n<\/div>\r\n    \r\n    \r\n<\/div>\n<div id=\"frm_field_10_container\" class=\"frm_form_field form-field  frm_top_container\">\r\n    <label for=\"field_mpn4e\" id=\"field_mpn4e_label\" class=\"frm_primary_label\">Organisation\r\n        <span class=\"frm_required\"><\/span>\r\n    <\/label>\r\n    <input type=\"text\" id=\"field_mpn4e\" name=\"item_meta[10]\" value=\"\"  data-invmsg=\"texte est non valide\" aria-invalid=\"false\"  \/>\r\n    \r\n    \r\n<\/div>\n<div id=\"frm_field_12_container\" class=\"frm_form_field form-field  frm_required_field frm_top_container frm_half\">\r\n    <label for=\"field_x2dd3\" id=\"field_x2dd3_label\" class=\"frm_primary_label\">Email\r\n        <span class=\"frm_required\">*<\/span>\r\n    <\/label>\r\n    <input type=\"email\" id=\"field_x2dd3\" name=\"item_meta[12]\" value=\"\"  data-reqmsg=\"Email ne peut pas \u00eatre vide.\" aria-required=\"true\" data-invmsg=\"Email est non valide\" aria-invalid=\"false\"  \/>\r\n    \r\n    \r\n<\/div>\n<div id=\"frm_field_14_container\" class=\"frm_form_field form-field  frm_required_field frm_top_container frm_half\">\r\n    <label for=\"field_de52x\" id=\"field_de52x_label\" class=\"frm_primary_label\">T\u00e9l\u00e9phone\r\n        <span class=\"frm_required\">*<\/span>\r\n    <\/label>\r\n    <input type=\"tel\" id=\"field_de52x\" name=\"item_meta[14]\" value=\"\"  data-reqmsg=\"T\u00e9l\u00e9phone ne peut pas \u00eatre vide.\" aria-required=\"true\" data-invmsg=\"T\u00e9l\u00e9phone est non valide\" aria-invalid=\"false\" pattern=\"((\\+\\d{1,3}(-|.| )?\\(?\\d\\)?(-| |.)?\\d{1,5})|(\\(?\\d{2,6}\\)?))(-|.| )?(\\d{3,4})(-|.| )?(\\d{4})(( x| ext)\\d{1,5}){0,1}$\"  \/>\r\n    \r\n    \r\n<\/div>\n\t<input type=\"hidden\" name=\"item_key\" value=\"\" \/>\n\t\t\t<div id=\"frm_field_25_container\">\n\t\t\t<label for=\"field_3sui5\" >\n\t\t\t\tSi vous \u00eates un humain, ne remplissez pas ce champ.\t\t\t<\/label>\n\t\t\t<input  id=\"field_3sui5\" type=\"text\" class=\"frm_form_field form-field frm_verify\" name=\"item_meta[25]\" value=\"\"  \/>\n\t\t<\/div>\n\t\t<input name=\"frm_state\" type=\"hidden\" value=\"+blGgD39\/F1OOvdzlYTNeNZklHhmheBELsSSDLZ35AE=\" \/><div class=\"frm_submit\">\r\n\r\n<button class=\"frm_button_submit\" type=\"submit\"  >Envoyer<\/button>\r\n\r\n<\/div><\/div>\n<\/fieldset>\n<\/div>\n<script type=\"text\/javascript\">var input = document.createElement('input');\n    input.setAttribute('type', 'hidden');\n    input.setAttribute('name', 'ct_checkjs_frm');\n    input.setAttribute('value', '902a215d3273092bfefe338a2a2c04aba5103a19fb274eac45e56154256b171f');\n    for (i = 0; i < document.forms.length; i++) {\n        if (typeof document.forms[i].id == 'string'){\n\t\t\tif(document.forms[i].id.search('form_formcontrib') != -1) {\n            document.forms[i].appendChild(input);\n\t\t\t}\n        }\n    }<\/script>\n\n<\/form>\n<\/div>\n<\/div><\/div><\/div><\/div><\/div><div class=\"vce-col vce-element--has-background vce-col--xs-100p vce-col--xs-visible vce-col--xs-last vce-col--xs-first vce-col--sm-100p vce-col--sm-visible vce-col--sm-last vce-col--sm-first vce-col--md-100p vce-col--md-visible vce-col--md-last vce-col--md-first vce-col--lg-33-34p vce-col--lg-visible vce-col--lg-last vce-col--xl-33-34p vce-col--xl-visible vce-col--xl-last\" id=\"el-90a85772\"><div class=\"vce-col-inner\" data-vce-do-apply=\"border margin background  el-90a85772\"><div class=\"vce-content-background-container\"><\/div><div class=\"vce-col-content\" data-vce-element-content=\"true\" data-vce-do-apply=\"padding el-90a85772\"><div class=\"vce-row-container\" data-vce-boxed-width=\"true\"><div class=\"vce-row vce-row--col-gap-30 vce-row-equal-height vce-row-columns--top vce-row-content--top\" id=\"el-075ce26e\" data-vce-do-apply=\"all el-075ce26e\"><div class=\"vce-row-content\" data-vce-element-content=\"true\"><div class=\"vce-col vce-col--md-auto vce-col--xs-1 vce-col--xs-last vce-col--xs-first vce-col--sm-last vce-col--sm-first vce-col--md-last vce-col--lg-last vce-col--xl-last vce-col--md-first vce-col--lg-first vce-col--xl-first\" id=\"el-22315a59\"><div class=\"vce-col-inner\" data-vce-do-apply=\"border margin background  el-22315a59\"><div class=\"vce-content-background-container\"><\/div><div class=\"vce-col-content\" data-vce-element-content=\"true\" data-vce-do-apply=\"padding el-22315a59\"><div class=\"vce-text-block\"><div class=\"vce-text-block-wrapper vce\" id=\"el-5309243d\" data-vce-do-apply=\"all el-5309243d\"><h3 style=\"text-align: center;\"><strong>FAIRE UN DON<\/strong><\/h3><\/div><\/div><\/div><\/div><\/div><\/div><\/div><\/div><div class=\"vce vce-separator-container vce-separator--align-center vce-separator--style-solid\" id=\"el-70d8515c\" data-vce-do-apply=\"margin el-70d8515c\"><div class=\"vce-separator vce-separator--color-b-246-182-12 vce-separator--width-5 vce-separator--thickness-4\" data-vce-do-apply=\"border padding background  el-70d8515c\"><\/div><\/div><div class=\"vce-text-block\"><div class=\"vce-text-block-wrapper vce\" id=\"el-de782fdb\" data-vce-do-apply=\"all el-de782fdb\"><p style=\"text-align: center;\"><span style=\"color: #3a508d;\"><strong>Je souhaite faire un don<br>(d\u00e9ductible de vos imp\u00f4ts)<\/strong><\/span><\/p><\/div><\/div><div class=\"vce-button--style-basic-container vce-button--style-basic-container--align-center\"><span class=\"vce-button--style-basic-wrapper vce\" id=\"el-a4619c80\" data-vce-do-apply=\"margin el-a4619c80\"><a class=\"vce-button--style-basic vce-button--style-basic--border-round vce-button--style-basic--size-medium vce-button--style-basic--color-b-255-107-67--fff\" href=\"https:\/\/www.helloasso.com\/associations\/job4mi-ouest\/formulaires\/1\" title=\"\" target=\"_blank\" data-vce-do-apply=\"padding border background  el-a4619c80\" rel=\"noopener\">J'y vais<\/a><\/span><\/div><\/div><\/div><\/div><\/div><\/div><\/div>\n","protected":false},"excerpt":{"rendered":"<p>ContribuerVous souhaitez participer \u00e0 notre engagement ? Merci de votre motivation et de votre soutien. Apr\u00e8s avoir rempli ce formulaire, nous vous contacterons rapidement..NOUS REJOINDREFAIRE&hellip;<\/p>\n","protected":false},"author":0,"featured_media":0,"parent":0,"menu_order":0,"comment_status":"closed","ping_status":"closed","template":"","meta":{"footnotes":""},"class_list":["post-489","page","type-page","status-publish","hentry"],"yoast_head":"<!-- This site is optimized with the Yoast SEO plugin v24.9 - https:\/\/yoast.com\/wordpress\/plugins\/seo\/ -->\n<title>Contribuer - Job4mi Ouest<\/title>\n<meta name=\"robots\" content=\"index, follow, max-snippet:-1, max-image-preview:large, max-video-preview:-1\" \/>\n<link rel=\"canonical\" href=\"https:\/\/job4miouest.fr\/index.php\/contribuer\/\" \/>\n<meta property=\"og:locale\" content=\"fr_FR\" \/>\n<meta property=\"og:type\" content=\"article\" \/>\n<meta property=\"og:title\" content=\"Contribuer - Job4mi Ouest\" \/>\n<meta property=\"og:description\" content=\"ContribuerVous souhaitez participer \u00e0 notre engagement ? Merci de votre motivation et de votre soutien. Apr\u00e8s avoir rempli ce formulaire, nous vous contacterons rapidement..NOUS REJOINDREFAIRE&hellip;\" \/>\n<meta property=\"og:url\" content=\"https:\/\/job4miouest.fr\/index.php\/contribuer\/\" \/>\n<meta property=\"og:site_name\" content=\"Job4mi Ouest\" \/>\n<meta property=\"article:modified_time\" content=\"2021-02-02T11:13:20+00:00\" \/>\n<meta name=\"twitter:card\" content=\"summary_large_image\" \/>\n<script type=\"application\/ld+json\" class=\"yoast-schema-graph\">{\"@context\":\"https:\/\/schema.org\",\"@graph\":[{\"@type\":\"WebPage\",\"@id\":\"https:\/\/job4miouest.fr\/index.php\/contribuer\/\",\"url\":\"https:\/\/job4miouest.fr\/index.php\/contribuer\/\",\"name\":\"Contribuer - Job4mi Ouest\",\"isPartOf\":{\"@id\":\"http:\/\/job4miouest.fr\/#website\"},\"datePublished\":\"2020-12-03T08:20:06+00:00\",\"dateModified\":\"2021-02-02T11:13:20+00:00\",\"breadcrumb\":{\"@id\":\"https:\/\/job4miouest.fr\/index.php\/contribuer\/#breadcrumb\"},\"inLanguage\":\"fr-FR\",\"potentialAction\":[{\"@type\":\"ReadAction\",\"target\":[\"https:\/\/job4miouest.fr\/index.php\/contribuer\/\"]}]},{\"@type\":\"BreadcrumbList\",\"@id\":\"https:\/\/job4miouest.fr\/index.php\/contribuer\/#breadcrumb\",\"itemListElement\":[{\"@type\":\"ListItem\",\"position\":1,\"name\":\"Accueil\",\"item\":\"https:\/\/job4miouest.fr\/\"},{\"@type\":\"ListItem\",\"position\":2,\"name\":\"Contribuer\"}]},{\"@type\":\"WebSite\",\"@id\":\"http:\/\/job4miouest.fr\/#website\",\"url\":\"http:\/\/job4miouest.fr\/\",\"name\":\"Job4mi Ouest\",\"description\":\"Ensemble, parcourons les chemins de l\u2019int\u00e9gration par l\u2019emploi\",\"potentialAction\":[{\"@type\":\"SearchAction\",\"target\":{\"@type\":\"EntryPoint\",\"urlTemplate\":\"http:\/\/job4miouest.fr\/?s={search_term_string}\"},\"query-input\":{\"@type\":\"PropertyValueSpecification\",\"valueRequired\":true,\"valueName\":\"search_term_string\"}}],\"inLanguage\":\"fr-FR\"}]}<\/script>\n<!-- \/ Yoast SEO plugin. -->","yoast_head_json":{"title":"Contribuer - Job4mi Ouest","robots":{"index":"index","follow":"follow","max-snippet":"max-snippet:-1","max-image-preview":"max-image-preview:large","max-video-preview":"max-video-preview:-1"},"canonical":"https:\/\/job4miouest.fr\/index.php\/contribuer\/","og_locale":"fr_FR","og_type":"article","og_title":"Contribuer - Job4mi Ouest","og_description":"ContribuerVous souhaitez participer \u00e0 notre engagement ? Merci de votre motivation et de votre soutien. Apr\u00e8s avoir rempli ce formulaire, nous vous contacterons rapidement..NOUS REJOINDREFAIRE&hellip;","og_url":"https:\/\/job4miouest.fr\/index.php\/contribuer\/","og_site_name":"Job4mi Ouest","article_modified_time":"2021-02-02T11:13:20+00:00","twitter_card":"summary_large_image","schema":{"@context":"https:\/\/schema.org","@graph":[{"@type":"WebPage","@id":"https:\/\/job4miouest.fr\/index.php\/contribuer\/","url":"https:\/\/job4miouest.fr\/index.php\/contribuer\/","name":"Contribuer - Job4mi Ouest","isPartOf":{"@id":"http:\/\/job4miouest.fr\/#website"},"datePublished":"2020-12-03T08:20:06+00:00","dateModified":"2021-02-02T11:13:20+00:00","breadcrumb":{"@id":"https:\/\/job4miouest.fr\/index.php\/contribuer\/#breadcrumb"},"inLanguage":"fr-FR","potentialAction":[{"@type":"ReadAction","target":["https:\/\/job4miouest.fr\/index.php\/contribuer\/"]}]},{"@type":"BreadcrumbList","@id":"https:\/\/job4miouest.fr\/index.php\/contribuer\/#breadcrumb","itemListElement":[{"@type":"ListItem","position":1,"name":"Accueil","item":"https:\/\/job4miouest.fr\/"},{"@type":"ListItem","position":2,"name":"Contribuer"}]},{"@type":"WebSite","@id":"http:\/\/job4miouest.fr\/#website","url":"http:\/\/job4miouest.fr\/","name":"Job4mi Ouest","description":"Ensemble, parcourons les chemins de l\u2019int\u00e9gration par l\u2019emploi","potentialAction":[{"@type":"SearchAction","target":{"@type":"EntryPoint","urlTemplate":"http:\/\/job4miouest.fr\/?s={search_term_string}"},"query-input":{"@type":"PropertyValueSpecification","valueRequired":true,"valueName":"search_term_string"}}],"inLanguage":"fr-FR"}]}},"rttpg_featured_image_url":null,"rttpg_author":{"display_name":"","author_link":"https:\/\/job4miouest.fr\/index.php\/author\/"},"rttpg_comment":0,"rttpg_category":null,"rttpg_excerpt":"ContribuerVous souhaitez participer \u00e0 notre engagement ? Merci de votre motivation et de votre soutien. Apr\u00e8s avoir rempli ce formulaire, nous vous contacterons rapidement..NOUS REJOINDREFAIRE&hellip;","_links":{"self":[{"href":"https:\/\/job4miouest.fr\/index.php\/wp-json\/wp\/v2\/pages\/489","targetHints":{"allow":["GET"]}}],"collection":[{"href":"https:\/\/job4miouest.fr\/index.php\/wp-json\/wp\/v2\/pages"}],"about":[{"href":"https:\/\/job4miouest.fr\/index.php\/wp-json\/wp\/v2\/types\/page"}],"replies":[{"embeddable":true,"href":"https:\/\/job4miouest.fr\/index.php\/wp-json\/wp\/v2\/comments?post=489"}],"version-history":[{"count":8,"href":"https:\/\/job4miouest.fr\/index.php\/wp-json\/wp\/v2\/pages\/489\/revisions"}],"predecessor-version":[{"id":1399,"href":"https:\/\/job4miouest.fr\/index.php\/wp-json\/wp\/v2\/pages\/489\/revisions\/1399"}],"wp:attachment":[{"href":"https:\/\/job4miouest.fr\/index.php\/wp-json\/wp\/v2\/media?parent=489"}],"curies":[{"name":"wp","href":"https:\/\/api.w.org\/{rel}","templated":true}]}}