{"id":1220,"date":"2021-01-14T12:05:21","date_gmt":"2021-01-14T11:05:21","guid":{"rendered":"http:\/\/job4miouest.fr\/?page_id=1220"},"modified":"2025-12-02T18:13:49","modified_gmt":"2025-12-02T17:13:49","slug":"equipe-animation","status":"publish","type":"page","link":"https:\/\/job4miouest.fr\/index.php\/equipe-animation\/","title":{"rendered":"L&rsquo;\u00e9quipe d&rsquo;animation"},"content":{"rendered":"<div class=\"vce-row-container\"><div class=\"vce-row vce-row--xl--has-col-background vce-row--lg--has-col-background vce-row--md--has-col-background vce-row--sm--has-col-background vce-row--xs--has-col-background vce-element--has-background vce-row--col-gap-30 intro-h1 vce-row-equal-height vce-row-content--top\" data-vce-full-width=\"true\" data-vce-stretch-content=\"true\" id=\"el-3c10e8cc\" data-vce-do-apply=\"all el-3c10e8cc\"><div class=\"vce-content-background-container\"><\/div><div class=\"vce-row-content\" data-vce-element-content=\"true\"><div class=\"vce-col vce-element--xl--has-background vce-element--lg--has-background vce-element--md--has-background vce-element--sm--has-background vce-element--xs--has-background vce-col--xs-100p vce-col--xs-visible vce-col--xs-last vce-col--xs-first vce-col--sm-100p vce-col--sm-visible vce-col--sm-last vce-col--sm-first vce-col--md-100p vce-col--md-visible vce-col--md-last vce-col--md-first vce-col--lg-100p vce-col--lg-visible vce-col--lg-last vce-col--lg-first vce-col--xl-42-52p vce-col--xl-visible vce-col--xl-first\" id=\"el-96b2e7b7\"><div class=\"vce-col-inner\" data-vce-do-apply=\"border margin background  el-96b2e7b7\"><div class=\"vce-content-background-container\"><div class=\"vce-asset-background-simple-container vce-visible-xl-only vce-asset-background-simple--style-no-repeat vce-asset-background-simple--position-left-top\"><div class=\"vce-asset-background-simple\"><div class=\"vce-asset-background-simple-item\" style=\"background-image: url('https:\/\/job4miouest.fr\/wp-content\/uploads\/2020\/11\/JOB4mi-association-element-graph-6.png');\"><\/div><\/div><\/div><div class=\"vce-asset-background-simple-container vce-visible-lg-only vce-asset-background-simple--style-no-repeat vce-asset-background-simple--position-left-top\"><div class=\"vce-asset-background-simple\"><div class=\"vce-asset-background-simple-item\" style=\"background-image: url('https:\/\/job4miouest.fr\/wp-content\/uploads\/2020\/11\/JOB4mi-association-element-graph-6.png');\"><\/div><\/div><\/div><div class=\"vce-asset-background-simple-container vce-visible-md-only vce-asset-background-simple--style-no-repeat vce-asset-background-simple--position-left-top\"><div class=\"vce-asset-background-simple\"><div class=\"vce-asset-background-simple-item\" style=\"background-image: url('https:\/\/job4miouest.fr\/wp-content\/uploads\/2020\/11\/JOB4mi-association-element-graph-6.png');\"><\/div><\/div><\/div><div class=\"vce-asset-background-simple-container vce-visible-sm-only vce-asset-background-simple--style-no-repeat vce-asset-background-simple--position-left-top\"><div class=\"vce-asset-background-simple\"><div class=\"vce-asset-background-simple-item\" style=\"background-image: url('https:\/\/job4miouest.fr\/wp-content\/uploads\/2020\/11\/JOB4mi-association-element-graph-6.png');\"><\/div><\/div><\/div><div class=\"vce-asset-background-simple-container vce-visible-xs-only vce-asset-background-simple--style-no-repeat vce-asset-background-simple--position-left-top\"><div class=\"vce-asset-background-simple\"><div class=\"vce-asset-background-simple-item\" style=\"background-image: url('https:\/\/job4miouest.fr\/wp-content\/uploads\/2020\/11\/JOB4mi-association-element-graph-6.png');\"><\/div><\/div><\/div><\/div><div class=\"vce-col-content\" data-vce-element-content=\"true\" data-vce-do-apply=\"padding el-96b2e7b7\"><div class=\"vce-text-block\"><div class=\"vce-text-block-wrapper vce\" id=\"el-e6bcd3e3\" data-vce-do-apply=\"all el-e6bcd3e3\"><h1 style=\"text-align: center;\">L'association<\/h1><\/div><\/div><div class=\"vce vce-separator-container vce-separator--align-center vce-separator--style-solid\" id=\"el-a5bde200\" data-vce-do-apply=\"margin el-a5bde200\"><div class=\"vce-separator vce-separator--color-b-58-80-141 vce-separator--width-14 vce-separator--thickness-4\" data-vce-do-apply=\"border padding background  el-a5bde200\"><\/div><\/div><div class=\"vce-text-block\"><div class=\"vce-text-block-wrapper vce\" id=\"el-a19a6966\" data-vce-do-apply=\"all el-a19a6966\"><h2 style=\"text-align: center;\">L'\u00e9quipe d'animation<\/h2><\/div><\/div><\/div><\/div><\/div><div class=\"vce-col vce-col--xs-100p vce-col--xs-visible vce-col--xs-last vce-col--xs-first vce-col--sm-100p vce-col--sm-visible vce-col--sm-last vce-col--sm-first vce-col--md-100p vce-col--md-visible vce-col--md-last vce-col--md-first vce-col--lg-100p vce-col--lg-visible vce-col--lg-last vce-col--lg-first vce-col--xl-57-45p vce-col--xl-visible vce-col--xl-last\" id=\"el-4033be59\"><div class=\"vce-col-inner\" data-vce-do-apply=\"border margin background  el-4033be59\"><div class=\"vce-content-background-container\"><\/div><div class=\"vce-col-content\" data-vce-element-content=\"true\" data-vce-do-apply=\"padding el-4033be59\"><div class=\"vce-single-image-container vce-single-image--align-right\"><div class=\"vce vce-single-image-wrapper\" id=\"el-2b36981a\" data-vce-do-apply=\"all el-2b36981a\"><figure><div class=\"vce-single-image-figure-inner\" style=\"width: 1024px;\"><div class=\"vce-single-image-inner vce-single-image--absolute\" style=\"width: 100%; padding-bottom: 48.5352%;\"><img loading=\"lazy\" decoding=\"async\" class=\"vce-single-image\"  width=\"1024\" height=\"497\" srcset=\"https:\/\/job4miouest.fr\/wp-content\/uploads\/2020\/11\/Actu_JobdatingCCI_lg-1024x498.jpg 1024w, https:\/\/job4miouest.fr\/wp-content\/uploads\/2025\/12\/Actu_JobdatingCCI_lg-320x155.jpg 320w, https:\/\/job4miouest.fr\/wp-content\/uploads\/2025\/12\/Actu_JobdatingCCI_lg-480x233.jpg 480w, https:\/\/job4miouest.fr\/wp-content\/uploads\/2025\/12\/Actu_JobdatingCCI_lg-800x388.jpg 800w\" src=\"https:\/\/job4miouest.fr\/wp-content\/uploads\/2020\/11\/Actu_JobdatingCCI_lg-1024x498.jpg\" data-img-src=\"https:\/\/job4miouest.fr\/wp-content\/uploads\/2020\/11\/Actu_JobdatingCCI_lg.jpg\" data-attachment-id=\"292\"  alt=\"\" title=\"Actu_JobdatingCCI_lg\" \/><\/div><\/div><figcaption hidden=\"\"><\/figcaption><\/figure><\/div><\/div><\/div><\/div><\/div><\/div><\/div><\/div><div class=\"vce-row-container\" data-vce-boxed-width=\"true\"><div class=\"vce-row vce-row--col-gap-30 content-page yellow vce-row-equal-height vce-row-content--top\" id=\"el-61ad2238\" data-vce-do-apply=\"all el-61ad2238\"><div class=\"vce-content-background-container\"><\/div><div class=\"vce-row-content\" data-vce-element-content=\"true\"><div class=\"vce-col vce-col--md-auto vce-col--xs-1 vce-col--xs-last vce-col--xs-first vce-col--sm-last vce-col--sm-first vce-col--md-last vce-col--lg-last vce-col--xl-last vce-col--md-first vce-col--lg-first vce-col--xl-first\" id=\"el-94e50fe3\"><div class=\"vce-col-inner\" data-vce-do-apply=\"border margin background  el-94e50fe3\"><div class=\"vce-col-content\" data-vce-element-content=\"true\" data-vce-do-apply=\"padding el-94e50fe3\"><div class=\"vce-row-container\" data-vce-boxed-width=\"true\"><div class=\"vce-row vce-row--col-gap-30 vce-row-equal-height vce-row-content--top\" id=\"el-c50442b9\" data-vce-do-apply=\"all el-c50442b9\"><div class=\"vce-content-background-container\"><\/div><div class=\"vce-row-content\" data-vce-element-content=\"true\"><div class=\"vce-col vce-col--md-93p vce-col--xs-1 vce-col--xs-last vce-col--xs-first vce-col--sm-last vce-col--sm-first vce-col--md-first vce-col--lg-first vce-col--xl-first\" id=\"el-339a2542\"><div class=\"vce-col-inner\" data-vce-do-apply=\"border margin background  el-339a2542\"><div class=\"vce-col-content\" data-vce-element-content=\"true\" data-vce-do-apply=\"padding el-339a2542\"><div class=\"vce-text-block\"><div class=\"vce-text-block-wrapper vce\" id=\"el-8d868619\" data-vce-do-apply=\"all el-8d868619\"><h3>Le comit\u00e9 de pilotage<\/h3><\/div><\/div><div class=\"vce vce-separator-container vce-separator--align-left vce-separator--style-solid\" id=\"el-ae642d81\" data-vce-do-apply=\"margin el-ae642d81\"><div class=\"vce-separator vce-separator--color-b-246-182-12 vce-separator--width-6 vce-separator--thickness-4\" data-vce-do-apply=\"border padding background  el-ae642d81\"><\/div><\/div><div class=\"vce-text-block\"><div class=\"vce-text-block-wrapper vce\" id=\"el-1721a9a5\" data-vce-do-apply=\"all el-1721a9a5\"><p>Les actions de Job4Mi Ouest sont men\u00e9es par les b\u00e9n\u00e9voles, avec l'appui de la charg\u00e9e de mission pour la coordination.<\/p><p>Un comit\u00e9 de pilotage compos\u00e9 de six membres du Conseil d\u2019administration est en charge de la gestion op\u00e9rationnelle de l'association.&nbsp;<\/p><\/div><\/div><div class=\"vce-text-block\"><div class=\"vce-text-block-wrapper vce\" id=\"el-ae6462df\" data-vce-do-apply=\"all el-ae6462df\"><p><span style=\"color: #000080;\"><strong>Catherine Jacobs<br><\/strong><\/span><\/p><p>Membre du Secours Catholique et du Comit\u00e9 de pilotage de JRS Loire-Atlantique, elle participe \u00e0 l\u2019accompagnement juridique des personnes migrantes dans ces deux associations.<\/p><p><span style=\"color: #000080;\"><strong>Dominique Riou<\/strong><\/span><\/p><p style=\"margin-bottom: 0cm;\">Ancienne directrice de centre d'information et d'orientation, elle a longtemps accompagn\u00e9 des chercheurs d'emploi au sein de Solidarit\u00e9s Nouvelles face au Ch\u00f4mage et est actuellement, au titre de la CFDT, membre du CESER Conseil \u00c9conomique, Social, Environnemental des Pays de la Loire.<\/p><p><span style=\"font-weight: bold; font-style: normal; color: #000080;\">Bernard Lattes<\/span><\/p><p>Ing\u00e9nieur, retrait\u00e9. Apr\u00e8s une vie professionnelle dans la sid\u00e9rurgie, il participe au sein de l'association AGIRabcd, \u00e0 la cr\u00e9ation et \u00e0 l'animation de l'activit\u00e9 \"apprentissage du fran\u00e7ais\" \u00e0 l'attention d'un public de demandeurs d'asile et de r\u00e9fugi\u00e9s. Rejoindre Job4Mi, tout en continuant les cours de fran\u00e7ais, a \u00e9t\u00e9 pour lui une \u00e9volution logique.<\/p><p><span style=\"color: #000080;\"><strong>Claude Huchet<\/strong><\/span><\/p><p>Retrait\u00e9 cadre de l\u2019\u00c9ducation Nationale et directeur d'\u00e9tablissements m\u00e9dico-sociaux, &nbsp;il reste engag\u00e9 aupr\u00e8s d'un public fragilis\u00e9 par le handicap ou la rupture de liens sociaux \u00e0 travers son action associative en qualit\u00e9 d'administrateur.<\/p><p><span style=\"color: #000080;\"><strong>Christine Berengolc<\/strong><\/span><\/p><p>Ancienne directrice adjointe du Conservatoire National des Arts et M\u00e9tiers Pays de la Loire (CNAM), elle a rejoint le comit\u00e9 de pilotage pour contribuer au d\u00e9veloppement de l\u2019association. Elle est impliqu\u00e9e dans la recherche et la mise en \u0153uvre de nouveaux partenariats.<\/p><p><span style=\"color: #000080;\"><strong>Eric de Montgolfier<\/strong><\/span><\/p><p>Ancien directeur de l\u2019imprimerie Galard \u00e0 Vallet. Il a pris la responsabilit\u00e9 de la tr\u00e9sorerie au sein du Conseil d'administration.<\/p><p><span style=\"color: #003366;\"><strong>Amandine Dampierre-Pe\u010dnik, Coordinatrice<\/strong><\/span><\/p><p>Dipl\u00f4m\u00e9e en relations internationales, Amandine a d\u2019abord travaill\u00e9 \u00e0 l'\u00e9tranger dans le secteur de la solidarit\u00e9 internationale pendant 8 ans avant de s\u2019engager \u00e0 Nantes dans des projets locaux d\u2019insertion et de solidarit\u00e9. Elle a rejoint Job4Mi Ouest en 2020.<\/p><\/div><\/div><\/div><\/div><\/div><div class=\"vce-col vce-col--md-7p vce-col--xs-1 vce-col--xs-last vce-col--xs-first vce-col--sm-last vce-col--sm-first vce-col--md-last vce-col--lg-last vce-col--xl-last\" id=\"el-59d8b27e\"><div class=\"vce-col-inner\" data-vce-do-apply=\"border margin background  el-59d8b27e\"><div class=\"vce-content-background-container\"><\/div><div class=\"vce-col-content\" data-vce-element-content=\"true\" data-vce-do-apply=\"padding el-59d8b27e\"><div class=\"vce-text-block\"><div class=\"vce-text-block-wrapper vce\" id=\"el-d8e41fd8\" data-vce-do-apply=\"all el-d8e41fd8\"><\/div><\/div><\/div><\/div><\/div><\/div><\/div><\/div><\/div><\/div><\/div><\/div><\/div><\/div>\n","protected":false},"excerpt":{"rendered":"<p>L&rsquo;associationL&rsquo;\u00e9quipe d&rsquo;animationLe comit\u00e9 de pilotageLes actions de Job4Mi Ouest sont men\u00e9es par les b\u00e9n\u00e9voles, avec l&rsquo;appui de la charg\u00e9e de mission pour la coordination.Un comit\u00e9&hellip;<\/p>\n","protected":false},"author":0,"featured_media":0,"parent":0,"menu_order":0,"comment_status":"closed","ping_status":"closed","template":"","meta":{"footnotes":""},"class_list":["post-1220","page","type-page","status-publish","hentry"],"yoast_head":"<!-- This site is optimized with the Yoast SEO plugin v24.9 - https:\/\/yoast.com\/wordpress\/plugins\/seo\/ -->\n<title>L&#039;\u00e9quipe d&#039;animation - Job4mi Ouest<\/title>\n<meta name=\"description\" content=\"L&#039;\u00e9quipe d&#039;animation de Job4Mi Ouest\" \/>\n<meta name=\"robots\" content=\"index, follow, max-snippet:-1, max-image-preview:large, max-video-preview:-1\" \/>\n<link rel=\"canonical\" href=\"https:\/\/job4miouest.fr\/index.php\/equipe-animation\/\" \/>\n<meta property=\"og:locale\" content=\"fr_FR\" \/>\n<meta property=\"og:type\" content=\"article\" \/>\n<meta property=\"og:title\" content=\"L&#039;\u00e9quipe d&#039;animation - Job4mi Ouest\" \/>\n<meta property=\"og:description\" content=\"L&#039;\u00e9quipe d&#039;animation de Job4Mi Ouest\" \/>\n<meta property=\"og:url\" content=\"https:\/\/job4miouest.fr\/index.php\/equipe-animation\/\" \/>\n<meta property=\"og:site_name\" content=\"Job4mi Ouest\" \/>\n<meta property=\"article:modified_time\" content=\"2025-12-02T17:13:49+00:00\" \/>\n<meta name=\"twitter:card\" content=\"summary_large_image\" \/>\n<meta name=\"twitter:label1\" content=\"Dur\u00e9e de lecture estim\u00e9e\" \/>\n\t<meta name=\"twitter:data1\" content=\"2 minutes\" \/>\n<script type=\"application\/ld+json\" class=\"yoast-schema-graph\">{\"@context\":\"https:\/\/schema.org\",\"@graph\":[{\"@type\":\"WebPage\",\"@id\":\"https:\/\/job4miouest.fr\/index.php\/equipe-animation\/\",\"url\":\"https:\/\/job4miouest.fr\/index.php\/equipe-animation\/\",\"name\":\"L'\u00e9quipe d'animation - Job4mi Ouest\",\"isPartOf\":{\"@id\":\"http:\/\/job4miouest.fr\/#website\"},\"datePublished\":\"2021-01-14T11:05:21+00:00\",\"dateModified\":\"2025-12-02T17:13:49+00:00\",\"description\":\"L'\u00e9quipe d'animation de Job4Mi Ouest\",\"breadcrumb\":{\"@id\":\"https:\/\/job4miouest.fr\/index.php\/equipe-animation\/#breadcrumb\"},\"inLanguage\":\"fr-FR\",\"potentialAction\":[{\"@type\":\"ReadAction\",\"target\":[\"https:\/\/job4miouest.fr\/index.php\/equipe-animation\/\"]}]},{\"@type\":\"BreadcrumbList\",\"@id\":\"https:\/\/job4miouest.fr\/index.php\/equipe-animation\/#breadcrumb\",\"itemListElement\":[{\"@type\":\"ListItem\",\"position\":1,\"name\":\"Accueil\",\"item\":\"https:\/\/job4miouest.fr\/\"},{\"@type\":\"ListItem\",\"position\":2,\"name\":\"L&rsquo;\u00e9quipe d&rsquo;animation\"}]},{\"@type\":\"WebSite\",\"@id\":\"http:\/\/job4miouest.fr\/#website\",\"url\":\"http:\/\/job4miouest.fr\/\",\"name\":\"Job4mi Ouest\",\"description\":\"Ensemble, parcourons les chemins de l\u2019int\u00e9gration par l\u2019emploi\",\"potentialAction\":[{\"@type\":\"SearchAction\",\"target\":{\"@type\":\"EntryPoint\",\"urlTemplate\":\"http:\/\/job4miouest.fr\/?s={search_term_string}\"},\"query-input\":{\"@type\":\"PropertyValueSpecification\",\"valueRequired\":true,\"valueName\":\"search_term_string\"}}],\"inLanguage\":\"fr-FR\"}]}<\/script>\n<!-- \/ Yoast SEO plugin. -->","yoast_head_json":{"title":"L'\u00e9quipe d'animation - Job4mi Ouest","description":"L'\u00e9quipe d'animation de Job4Mi Ouest","robots":{"index":"index","follow":"follow","max-snippet":"max-snippet:-1","max-image-preview":"max-image-preview:large","max-video-preview":"max-video-preview:-1"},"canonical":"https:\/\/job4miouest.fr\/index.php\/equipe-animation\/","og_locale":"fr_FR","og_type":"article","og_title":"L'\u00e9quipe d'animation - Job4mi Ouest","og_description":"L'\u00e9quipe d'animation de Job4Mi Ouest","og_url":"https:\/\/job4miouest.fr\/index.php\/equipe-animation\/","og_site_name":"Job4mi Ouest","article_modified_time":"2025-12-02T17:13:49+00:00","twitter_card":"summary_large_image","twitter_misc":{"Dur\u00e9e de lecture estim\u00e9e":"2 minutes"},"schema":{"@context":"https:\/\/schema.org","@graph":[{"@type":"WebPage","@id":"https:\/\/job4miouest.fr\/index.php\/equipe-animation\/","url":"https:\/\/job4miouest.fr\/index.php\/equipe-animation\/","name":"L'\u00e9quipe d'animation - Job4mi Ouest","isPartOf":{"@id":"http:\/\/job4miouest.fr\/#website"},"datePublished":"2021-01-14T11:05:21+00:00","dateModified":"2025-12-02T17:13:49+00:00","description":"L'\u00e9quipe d'animation de Job4Mi Ouest","breadcrumb":{"@id":"https:\/\/job4miouest.fr\/index.php\/equipe-animation\/#breadcrumb"},"inLanguage":"fr-FR","potentialAction":[{"@type":"ReadAction","target":["https:\/\/job4miouest.fr\/index.php\/equipe-animation\/"]}]},{"@type":"BreadcrumbList","@id":"https:\/\/job4miouest.fr\/index.php\/equipe-animation\/#breadcrumb","itemListElement":[{"@type":"ListItem","position":1,"name":"Accueil","item":"https:\/\/job4miouest.fr\/"},{"@type":"ListItem","position":2,"name":"L&rsquo;\u00e9quipe d&rsquo;animation"}]},{"@type":"WebSite","@id":"http:\/\/job4miouest.fr\/#website","url":"http:\/\/job4miouest.fr\/","name":"Job4mi Ouest","description":"Ensemble, parcourons les chemins de l\u2019int\u00e9gration par l\u2019emploi","potentialAction":[{"@type":"SearchAction","target":{"@type":"EntryPoint","urlTemplate":"http:\/\/job4miouest.fr\/?s={search_term_string}"},"query-input":{"@type":"PropertyValueSpecification","valueRequired":true,"valueName":"search_term_string"}}],"inLanguage":"fr-FR"}]}},"rttpg_featured_image_url":null,"rttpg_author":{"display_name":"","author_link":"https:\/\/job4miouest.fr\/index.php\/author\/"},"rttpg_comment":0,"rttpg_category":null,"rttpg_excerpt":"L'associationL'\u00e9quipe d'animationLe comit\u00e9 de pilotageLes actions de Job4Mi Ouest sont men\u00e9es par les b\u00e9n\u00e9voles, avec l'appui de la charg\u00e9e de mission pour la coordination.Un comit\u00e9&hellip;","_links":{"self":[{"href":"https:\/\/job4miouest.fr\/index.php\/wp-json\/wp\/v2\/pages\/1220","targetHints":{"allow":["GET"]}}],"collection":[{"href":"https:\/\/job4miouest.fr\/index.php\/wp-json\/wp\/v2\/pages"}],"about":[{"href":"https:\/\/job4miouest.fr\/index.php\/wp-json\/wp\/v2\/types\/page"}],"replies":[{"embeddable":true,"href":"https:\/\/job4miouest.fr\/index.php\/wp-json\/wp\/v2\/comments?post=1220"}],"version-history":[{"count":78,"href":"https:\/\/job4miouest.fr\/index.php\/wp-json\/wp\/v2\/pages\/1220\/revisions"}],"predecessor-version":[{"id":2188,"href":"https:\/\/job4miouest.fr\/index.php\/wp-json\/wp\/v2\/pages\/1220\/revisions\/2188"}],"wp:attachment":[{"href":"https:\/\/job4miouest.fr\/index.php\/wp-json\/wp\/v2\/media?parent=1220"}],"curies":[{"name":"wp","href":"https:\/\/api.w.org\/{rel}","templated":true}]}}