{"id":815,"date":"2020-12-20T18:25:41","date_gmt":"2020-12-20T17:25:41","guid":{"rendered":"http:\/\/job4miouest.fr\/?page_id=815"},"modified":"2020-12-20T18:35:19","modified_gmt":"2020-12-20T17:35:19","slug":"mentions-legales","status":"publish","type":"page","link":"http:\/\/job4miouest.fr\/index.php\/mentions-legales\/","title":{"rendered":"Mentions l\u00e9gales"},"content":{"rendered":"<div class=\"vce-row-container\" data-vce-boxed-width=\"true\"><div class=\"vce-row vce-row--col-gap-30 vce-row-equal-height vce-row-columns--top vce-row-content--top\" id=\"el-617dabac\" data-vce-do-apply=\"all el-617dabac\"><div class=\"vce-row-content\" data-vce-element-content=\"true\"><div class=\"vce-col vce-col--md-auto vce-col--xs-1 vce-col--xs-last vce-col--xs-first vce-col--sm-last vce-col--sm-first vce-col--md-last vce-col--lg-last vce-col--xl-last vce-col--md-first vce-col--lg-first vce-col--xl-first\" id=\"el-f5ffbddb\"><div class=\"vce-col-inner\" data-vce-do-apply=\"border margin background  el-f5ffbddb\"><div class=\"vce-col-content\" data-vce-element-content=\"true\" data-vce-do-apply=\"padding el-f5ffbddb\"><div class=\"vce-text-block\"><div class=\"vce-text-block-wrapper vce\" id=\"el-6143d782\" data-vce-do-apply=\"all el-6143d782\"><p><u>Editeur de site et logo<\/u><\/p><p><strong>Job4Mi Ouest<\/strong><\/p><p>15bis place Edouard Normand, \u00e0 Nantes<\/p><p><em>Auteur du site :<\/em> <strong>Job4Mi Ouest<\/strong><\/p><p><em>Conception logo et charte graphique<\/em>: Les P\u00e9troleuses<\/p><p>Conception du site: Sigma<\/p><p><em>H\u00e9bergement :<\/em> OVH<\/p><p><u>Propri\u00e9t\u00e9 et reproduction<\/u>&nbsp;&nbsp;&nbsp;&nbsp;&nbsp;&nbsp;<\/p><p>La structure g\u00e9n\u00e9rale et les contenus de ce site internet (texte, images, ic\u00f4nes) sont de la propri\u00e9t\u00e9 exclusive de <strong><em>Job4Mi Ouest<\/em><\/strong>. Toute reproduction totale ou partielle de ce site, par quelques proc\u00e9d\u00e9s que ce soient, sans accord pr\u00e9alable et \u00e9crit de <strong><em>Job4Mi Ouest<\/em><\/strong>, est interdite et constituerait une contrefa\u00e7on sanctionn\u00e9e par les articles L335-2 et suivants du Code de la propri\u00e9t\u00e9 intellectuelle<\/p><p>&nbsp;<\/p><p><u>Collecte et traitement des donn\u00e9es personnelles<\/u><\/p><p>Vous communiquez votre adresse mail par le biais de notre messagerie en nous contactant. Sachez que votre adresse mail n\u2019est en aucun cas communiqu\u00e9e ou vendue \u00e0 un tiers. En application de la loi n\u00b0 78-17 du 6 janvier 1978 relative \u00e0 l\u2019informatique, aux fichiers et aux libert\u00e9s, vous disposez d\u2019un droit d\u2019acc\u00e8s, de rectification et de suppression des informations personnelles vous concernant stock\u00e9es par <strong><em>Job4Mi Ouest<\/em><\/strong><em>. <\/em>Vous pouvez exercer ce droit \u00e0 tout moment aupr\u00e8s de l\u2019administrateur du site en nous adressant <strong>un mail.<\/strong><\/p><p>Nous utilisons <em>Google analytics<\/em> pour obtenir des statistiques sur la fr\u00e9quentation de ce site. Google analytics enregistre des donn\u00e9es (pages consult\u00e9es, fr\u00e9quence de fr\u00e9quentation\u2026) \u00e0 l\u2019aide de l\u2019adresse IP. Ces donn\u00e9es sont conserv\u00e9es durant 26 mois par Google. Mais ces informations restent anonymes car nous ne croisons en aucun cas ces donn\u00e9es avec d\u2019autres informations.<\/p><p>La navigation sur ce site peut g\u00e9n\u00e9rer l\u2019installation de <strong>cookies<\/strong> sur votre ordinateur. Ces cookies sont des petits fichiers qui ne permettent pas l\u2019identification de l\u2019utilisateur.&nbsp; Ils enregistrent des informations relatives \u00e0 la navigation pour que l\u2019utilisateur puisse acc\u00e9der plus facilement aux pages et pour avoir des donn\u00e9es sur la fr\u00e9quentation du site. Vous pouvez param\u00e9trer&nbsp; les r\u00e9glages de vos navigateurs (Safari, Chrome, Filezilla\u2026) pour d\u00e9sactiver les cookies.<\/p><p><u>Responsabilit\u00e9 de l\u2019\u00e9diteur&nbsp;&nbsp;&nbsp;&nbsp; <\/u><\/p><p><strong><em>Job4Mi Ouest <\/em><\/strong>&nbsp;ne saurait \u00eatre rendu responsable de l\u2019utilisation que fait l\u2019utilisateur des contenus, informations et services disponibles sur son site \u00e0 quelque titre que ce soit. L\u2019utilisateur est seul ma\u00eetre de la bonne utilisation, avec discernement et esprit, des informations mises \u00e0 sa disposition sur <u>ce site. <\/u><\/p><p><strong><em>Job4Mi Ouest<\/em><\/strong> s\u2019efforce de maintenir un acc\u00e8s permanent \u00e0 son site, toutefois il se r\u00e9serve le droit de retirer de la consultation ou du t\u00e9l\u00e9chargement sans pr\u00e9avis tel ou tel contenu.<\/p><p>Malgr\u00e9 notre attention \u00e0 assurer la fiabilit\u00e9 et la mise \u00e0 jour des informations diffus\u00e9es sur le site, des erreurs, des omissions et des informations obsol\u00e8tes peuvent \u00eatre affich\u00e9es sur certaines pages. Si vous en relevez, n\u2019h\u00e9sitez pas \u00e0 nous les signaler <strong>en nous contactant.<\/strong><\/p><p>&nbsp;&nbsp;&nbsp;&nbsp;&nbsp;&nbsp;&nbsp;&nbsp;&nbsp;&nbsp;&nbsp;&nbsp;&nbsp;&nbsp;&nbsp;&nbsp;&nbsp;&nbsp;&nbsp;&nbsp;&nbsp;&nbsp;&nbsp;<\/p><p><u>Cr\u00e9dits<\/u>&nbsp;&nbsp;&nbsp;&nbsp;&nbsp;&nbsp;&nbsp;&nbsp;&nbsp;&nbsp;&nbsp;<\/p><p>Photos:<\/p><p>Illustrations<\/p><p>Vid\u00e9os: Collectif Daviais<\/p><p>&nbsp;<\/p><p>&nbsp;<\/p><p>&nbsp;<\/p><p>&nbsp;&nbsp;&nbsp;&nbsp;&nbsp;&nbsp;&nbsp;&nbsp;&nbsp;&nbsp;&nbsp;&nbsp;&nbsp;&nbsp;&nbsp;&nbsp;&nbsp;&nbsp;&nbsp;&nbsp;&nbsp;&nbsp;&nbsp;<\/p><p>&nbsp;&nbsp;&nbsp;&nbsp;&nbsp;&nbsp;&nbsp;&nbsp;&nbsp;&nbsp;&nbsp;<\/p><p>&nbsp;<\/p><p>&nbsp;<\/p><p>&nbsp;<\/p><\/div><\/div><\/div><\/div><\/div><\/div><\/div><\/div>\n","protected":false},"excerpt":{"rendered":"<p>Editeur de site et logoJob4Mi Ouest15bis place Edouard Normand, \u00e0 NantesAuteur du site : Job4Mi OuestConception logo et charte graphique: Les P\u00e9troleusesConception du site: SigmaH\u00e9bergement&hellip;<\/p>\n","protected":false},"author":5,"featured_media":0,"parent":0,"menu_order":0,"comment_status":"closed","ping_status":"closed","template":"","meta":{"footnotes":""},"class_list":["post-815","page","type-page","status-publish","hentry"],"yoast_head":"<!-- This site is optimized with the Yoast SEO plugin v24.9 - https:\/\/yoast.com\/wordpress\/plugins\/seo\/ -->\n<title>Mentions l\u00e9gales - Job4mi Ouest<\/title>\n<meta name=\"robots\" content=\"index, follow, max-snippet:-1, max-image-preview:large, max-video-preview:-1\" \/>\n<link rel=\"canonical\" href=\"http:\/\/job4miouest.fr\/index.php\/mentions-legales\/\" \/>\n<meta property=\"og:locale\" content=\"fr_FR\" \/>\n<meta property=\"og:type\" content=\"article\" \/>\n<meta property=\"og:title\" content=\"Mentions l\u00e9gales - Job4mi Ouest\" \/>\n<meta property=\"og:description\" content=\"Editeur de site et logoJob4Mi Ouest15bis place Edouard Normand, \u00e0 NantesAuteur du site : Job4Mi OuestConception logo et charte graphique: Les P\u00e9troleusesConception du site: SigmaH\u00e9bergement&hellip;\" \/>\n<meta property=\"og:url\" content=\"http:\/\/job4miouest.fr\/index.php\/mentions-legales\/\" \/>\n<meta property=\"og:site_name\" content=\"Job4mi Ouest\" \/>\n<meta property=\"article:modified_time\" content=\"2020-12-20T17:35:19+00:00\" \/>\n<meta name=\"twitter:card\" content=\"summary_large_image\" \/>\n<meta name=\"twitter:label1\" content=\"Dur\u00e9e de lecture estim\u00e9e\" \/>\n\t<meta name=\"twitter:data1\" content=\"3 minutes\" \/>\n<script type=\"application\/ld+json\" class=\"yoast-schema-graph\">{\"@context\":\"https:\/\/schema.org\",\"@graph\":[{\"@type\":\"WebPage\",\"@id\":\"http:\/\/job4miouest.fr\/index.php\/mentions-legales\/\",\"url\":\"http:\/\/job4miouest.fr\/index.php\/mentions-legales\/\",\"name\":\"Mentions l\u00e9gales - Job4mi Ouest\",\"isPartOf\":{\"@id\":\"https:\/\/job4miouest.fr\/#website\"},\"datePublished\":\"2020-12-20T17:25:41+00:00\",\"dateModified\":\"2020-12-20T17:35:19+00:00\",\"breadcrumb\":{\"@id\":\"http:\/\/job4miouest.fr\/index.php\/mentions-legales\/#breadcrumb\"},\"inLanguage\":\"fr-FR\",\"potentialAction\":[{\"@type\":\"ReadAction\",\"target\":[\"http:\/\/job4miouest.fr\/index.php\/mentions-legales\/\"]}]},{\"@type\":\"BreadcrumbList\",\"@id\":\"http:\/\/job4miouest.fr\/index.php\/mentions-legales\/#breadcrumb\",\"itemListElement\":[{\"@type\":\"ListItem\",\"position\":1,\"name\":\"Accueil\",\"item\":\"https:\/\/job4miouest.fr\/\"},{\"@type\":\"ListItem\",\"position\":2,\"name\":\"Mentions l\u00e9gales\"}]},{\"@type\":\"WebSite\",\"@id\":\"https:\/\/job4miouest.fr\/#website\",\"url\":\"https:\/\/job4miouest.fr\/\",\"name\":\"Job4mi Ouest\",\"description\":\"Ensemble, parcourons les chemins de l\u2019int\u00e9gration par l\u2019emploi\",\"potentialAction\":[{\"@type\":\"SearchAction\",\"target\":{\"@type\":\"EntryPoint\",\"urlTemplate\":\"https:\/\/job4miouest.fr\/?s={search_term_string}\"},\"query-input\":{\"@type\":\"PropertyValueSpecification\",\"valueRequired\":true,\"valueName\":\"search_term_string\"}}],\"inLanguage\":\"fr-FR\"}]}<\/script>\n<!-- \/ Yoast SEO plugin. -->","yoast_head_json":{"title":"Mentions l\u00e9gales - Job4mi Ouest","robots":{"index":"index","follow":"follow","max-snippet":"max-snippet:-1","max-image-preview":"max-image-preview:large","max-video-preview":"max-video-preview:-1"},"canonical":"http:\/\/job4miouest.fr\/index.php\/mentions-legales\/","og_locale":"fr_FR","og_type":"article","og_title":"Mentions l\u00e9gales - Job4mi Ouest","og_description":"Editeur de site et logoJob4Mi Ouest15bis place Edouard Normand, \u00e0 NantesAuteur du site : Job4Mi OuestConception logo et charte graphique: Les P\u00e9troleusesConception du site: SigmaH\u00e9bergement&hellip;","og_url":"http:\/\/job4miouest.fr\/index.php\/mentions-legales\/","og_site_name":"Job4mi Ouest","article_modified_time":"2020-12-20T17:35:19+00:00","twitter_card":"summary_large_image","twitter_misc":{"Dur\u00e9e de lecture estim\u00e9e":"3 minutes"},"schema":{"@context":"https:\/\/schema.org","@graph":[{"@type":"WebPage","@id":"http:\/\/job4miouest.fr\/index.php\/mentions-legales\/","url":"http:\/\/job4miouest.fr\/index.php\/mentions-legales\/","name":"Mentions l\u00e9gales - Job4mi Ouest","isPartOf":{"@id":"https:\/\/job4miouest.fr\/#website"},"datePublished":"2020-12-20T17:25:41+00:00","dateModified":"2020-12-20T17:35:19+00:00","breadcrumb":{"@id":"http:\/\/job4miouest.fr\/index.php\/mentions-legales\/#breadcrumb"},"inLanguage":"fr-FR","potentialAction":[{"@type":"ReadAction","target":["http:\/\/job4miouest.fr\/index.php\/mentions-legales\/"]}]},{"@type":"BreadcrumbList","@id":"http:\/\/job4miouest.fr\/index.php\/mentions-legales\/#breadcrumb","itemListElement":[{"@type":"ListItem","position":1,"name":"Accueil","item":"https:\/\/job4miouest.fr\/"},{"@type":"ListItem","position":2,"name":"Mentions l\u00e9gales"}]},{"@type":"WebSite","@id":"https:\/\/job4miouest.fr\/#website","url":"https:\/\/job4miouest.fr\/","name":"Job4mi Ouest","description":"Ensemble, parcourons les chemins de l\u2019int\u00e9gration par l\u2019emploi","potentialAction":[{"@type":"SearchAction","target":{"@type":"EntryPoint","urlTemplate":"https:\/\/job4miouest.fr\/?s={search_term_string}"},"query-input":{"@type":"PropertyValueSpecification","valueRequired":true,"valueName":"search_term_string"}}],"inLanguage":"fr-FR"}]}},"rttpg_featured_image_url":null,"rttpg_author":{"display_name":"Arnaud Ducrest","author_link":"http:\/\/job4miouest.fr\/index.php\/author\/aducrest\/"},"rttpg_comment":0,"rttpg_category":null,"rttpg_excerpt":"Editeur de site et logoJob4Mi Ouest15bis place Edouard Normand, \u00e0 NantesAuteur du site : Job4Mi OuestConception logo et charte graphique: Les P\u00e9troleusesConception du site: SigmaH\u00e9bergement&hellip;","_links":{"self":[{"href":"http:\/\/job4miouest.fr\/index.php\/wp-json\/wp\/v2\/pages\/815","targetHints":{"allow":["GET"]}}],"collection":[{"href":"http:\/\/job4miouest.fr\/index.php\/wp-json\/wp\/v2\/pages"}],"about":[{"href":"http:\/\/job4miouest.fr\/index.php\/wp-json\/wp\/v2\/types\/page"}],"author":[{"embeddable":true,"href":"http:\/\/job4miouest.fr\/index.php\/wp-json\/wp\/v2\/users\/5"}],"replies":[{"embeddable":true,"href":"http:\/\/job4miouest.fr\/index.php\/wp-json\/wp\/v2\/comments?post=815"}],"version-history":[{"count":1,"href":"http:\/\/job4miouest.fr\/index.php\/wp-json\/wp\/v2\/pages\/815\/revisions"}],"predecessor-version":[{"id":816,"href":"http:\/\/job4miouest.fr\/index.php\/wp-json\/wp\/v2\/pages\/815\/revisions\/816"}],"wp:attachment":[{"href":"http:\/\/job4miouest.fr\/index.php\/wp-json\/wp\/v2\/media?parent=815"}],"curies":[{"name":"wp","href":"https:\/\/api.w.org\/{rel}","templated":true}]}}