{"id":528,"date":"2020-12-03T15:50:39","date_gmt":"2020-12-03T14:50:39","guid":{"rendered":"http:\/\/job4miouest.fr\/?page_id=528"},"modified":"2020-12-03T15:59:21","modified_gmt":"2020-12-03T14:59:21","slug":"contact","status":"publish","type":"page","link":"http:\/\/job4miouest.fr\/index.php\/contact\/","title":{"rendered":"Contact"},"content":{"rendered":"<div class=\"vce-row-container\"><div class=\"vce-row vce-element--has-background vce-row--col-gap-30 vce-row-equal-height vce-row-columns--top vce-row-content--top\" data-vce-full-width=\"true\" data-vce-stretch-content=\"true\" id=\"el-b807cf10\" data-vce-do-apply=\"all el-b807cf10\"><div class=\"vce-content-background-container\"><div class=\"vce-asset-background-simple-container vce-visible-all-only vce-asset-background-simple--style-no-repeat vce-asset-background-simple--position-left-top\"><div class=\"vce-asset-background-simple\"><div class=\"vce-asset-background-simple-item\" style=\"background-image: url('http:\/\/job4miouest.fr\/wp-content\/uploads\/2020\/12\/JOB4mi-association-element-graph-7.png');\"><\/div><\/div><\/div><\/div><div class=\"vce-row-content\" data-vce-element-content=\"true\"><div class=\"vce-col vce-col--md-auto vce-col--xs-1 vce-col--xs-last vce-col--xs-first vce-col--sm-last vce-col--sm-first vce-col--md-last vce-col--lg-last vce-col--xl-last vce-col--md-first vce-col--lg-first vce-col--xl-first\" id=\"el-a7ba5f92\"><div class=\"vce-col-inner\" data-vce-do-apply=\"border margin background  el-a7ba5f92\"><div class=\"vce-col-content\" data-vce-element-content=\"true\" data-vce-do-apply=\"padding el-a7ba5f92\"><div class=\"vce-text-block\"><div class=\"vce-text-block-wrapper vce\" id=\"el-463d4114\" data-vce-do-apply=\"all el-463d4114\"><h2 id=\"mcetoc_1eohghhai0\" style=\"text-align: center;\"><span style=\"color: #ffffff;\">Contact<\/span><\/h2><\/div><\/div><div class=\"vce vce-separator-container vce-separator--align-center vce-separator--style-solid\" id=\"el-88b4f884\" data-vce-do-apply=\"margin el-88b4f884\"><div class=\"vce-separator vce-separator--color-b-58-80-141 vce-separator--width-5 vce-separator--thickness-4\" data-vce-do-apply=\"border padding background  el-88b4f884\"><\/div><\/div><\/div><\/div><\/div><\/div><\/div><\/div><div class=\"vce-row-container\" data-vce-boxed-width=\"true\"><div class=\"vce-row vce-row--xl--has-col-background vce-row--col-gap-0 vce-row-equal-height vce-row-columns--top vce-row-content--top vcv-state--show-resizer\" id=\"el-fc8208c4\" data-vce-do-apply=\"all el-fc8208c4\"><div class=\"vce-content-background-container\"><\/div><div class=\"vce-row-content\" data-vce-element-content=\"true\"><div class=\"vce-col vce-element--xl--has-background vce-col--xs-100p vce-col--xs-visible vce-col--xs-last vce-col--xs-first vce-col--sm-100p vce-col--sm-visible vce-col--sm-last vce-col--sm-first vce-col--md-auto vce-col--md-visible vce-col--md-last vce-col--md-first vce-col--lg-auto vce-col--lg-visible vce-col--lg-last vce-col--lg-first vce-col--xl-auto vce-col--xl-visible vce-col--xl-last vce-col--xl-first\" id=\"el-22a599a1\"><div class=\"vce-col-inner\" data-vce-do-apply=\"border margin background  el-22a599a1\"><div class=\"vce-content-background-container\"><\/div><div class=\"vce-col-content\" data-vce-element-content=\"true\" data-vce-do-apply=\"padding el-22a599a1\"><div class=\"vce-text-block\"><div class=\"vce-text-block-wrapper vce\" id=\"el-843b25f3\" data-vce-do-apply=\"all el-843b25f3\"><p style=\"text-align: center;\"><span style=\"color: #3a508d;\"><strong>Vous souhaitez nous contacter ?<\/strong><br><\/span><span style=\"color: #3a508d;\">Remplissez ce formulaire, <\/span><span style=\"color: #3a508d;\">nous vous r\u00e9pondrons rapidement..<\/span><\/p><\/div><\/div><div class=\"vce vce-separator-container vce-separator--align-center vce-separator--style-solid\" id=\"el-aa271a1c\" data-vce-do-apply=\"margin el-aa271a1c\"><div class=\"vce-separator vce-separator--color-b-246-182-12 vce-separator--width-5 vce-separator--thickness-4\" data-vce-do-apply=\"border padding background  el-aa271a1c\"><\/div><\/div><div class=\"vce-shortcode\"><div class=\"vce-shortcode-wrapper vce\" id=\"el-b30d30e6\" data-vce-do-apply=\"all el-b30d30e6\"><div class=\"frm_forms  with_frm_style frm_style_style-formidable\" id=\"frm_form_5_container\" >\n<form enctype=\"multipart\/form-data\" method=\"post\" class=\"frm-show-form \" id=\"form_formcontrib803be81dfb\" >\n<div class=\"frm_form_fields \">\n<fieldset>\n<legend class=\"frm_screen_reader\">form contact<\/legend>\r\n\r\n<div class=\"frm_fields_container\">\n<input type=\"hidden\" name=\"frm_action\" value=\"create\" \/>\n<input type=\"hidden\" name=\"form_id\" value=\"5\" \/>\n<input type=\"hidden\" name=\"frm_hide_fields_5\" id=\"frm_hide_fields_5\" value=\"\" \/>\n<input type=\"hidden\" name=\"form_key\" value=\"formcontrib803be81dfb\" \/>\n<input type=\"hidden\" name=\"item_meta[0]\" value=\"\" \/>\n<input type=\"hidden\" id=\"frm_submit_entry_5\" name=\"frm_submit_entry_5\" value=\"694aed2d5b\" \/><input type=\"hidden\" name=\"_wp_http_referer\" value=\"\/index.php\/wp-json\/wp\/v2\/pages\/528\" \/><div id=\"frm_field_16_container\" class=\"frm_form_field form-field  frm_required_field frm_top_container frm_half\">\r\n    <label for=\"field_vepdb3c68580dff\" id=\"field_vepdb3c68580dff_label\" class=\"frm_primary_label\">Nom\r\n        <span class=\"frm_required\">*<\/span>\r\n    <\/label>\r\n    <input type=\"text\" id=\"field_vepdb3c68580dff\" name=\"item_meta[16]\" value=\"\"  data-reqmsg=\"Nom ne peut pas \u00eatre vide.\" aria-required=\"true\" data-invmsg=\"texte est non valide\" aria-invalid=\"false\"  \/>\r\n    \r\n    \r\n<\/div>\n<div id=\"frm_field_17_container\" class=\"frm_form_field form-field  frm_required_field frm_top_container frm_half\">\r\n    <label for=\"field_ttoms383061f38d\" id=\"field_ttoms383061f38d_label\" class=\"frm_primary_label\">Pr\u00e9nom\r\n        <span class=\"frm_required\">*<\/span>\r\n    <\/label>\r\n    <input type=\"text\" id=\"field_ttoms383061f38d\" name=\"item_meta[17]\" value=\"\"  data-reqmsg=\"Pr\u00e9nom ne peut pas \u00eatre vide.\" aria-required=\"true\" data-invmsg=\"texte est non valide\" aria-invalid=\"false\"  \/>\r\n    \r\n    \r\n<\/div>\n<div id=\"frm_field_20_container\" class=\"frm_form_field form-field  frm_required_field frm_top_container frm_half\">\r\n    <label for=\"field_x2dd3703e276a70\" id=\"field_x2dd3703e276a70_label\" class=\"frm_primary_label\">Email\r\n        <span class=\"frm_required\">*<\/span>\r\n    <\/label>\r\n    <input type=\"email\" id=\"field_x2dd3703e276a70\" name=\"item_meta[20]\" value=\"\"  data-reqmsg=\"Email ne peut pas \u00eatre vide.\" aria-required=\"true\" data-invmsg=\"Email est non valide\" aria-invalid=\"false\"  \/>\r\n    \r\n    \r\n<\/div>\n<div id=\"frm_field_21_container\" class=\"frm_form_field form-field  frm_required_field frm_top_container frm_half\">\r\n    <label for=\"field_de52x097204fea8\" id=\"field_de52x097204fea8_label\" class=\"frm_primary_label\">T\u00e9l\u00e9phone\r\n        <span class=\"frm_required\">*<\/span>\r\n    <\/label>\r\n    <input type=\"tel\" id=\"field_de52x097204fea8\" name=\"item_meta[21]\" value=\"\"  data-reqmsg=\"T\u00e9l\u00e9phone ne peut pas \u00eatre vide.\" aria-required=\"true\" data-invmsg=\"T\u00e9l\u00e9phone est non valide\" aria-invalid=\"false\" pattern=\"((\\+\\d{1,3}(-|.| )?\\(?\\d\\)?(-| |.)?\\d{1,5})|(\\(?\\d{2,6}\\)?))(-|.| )?(\\d{3,4})(-|.| )?(\\d{4})(( x| ext)\\d{1,5}){0,1}$\"  \/>\r\n    \r\n    \r\n<\/div>\n<div id=\"frm_field_22_container\" class=\"frm_form_field form-field  frm_required_field frm_top_container\">\r\n    <label for=\"field_qbm0e\" id=\"field_qbm0e_label\" class=\"frm_primary_label\">Votre texte\r\n        <span class=\"frm_required\">*<\/span>\r\n    <\/label>\r\n    <textarea name=\"item_meta[22]\" id=\"field_qbm0e\" rows=\"5\"  data-reqmsg=\"Votre texte ne peut pas \u00eatre vide.\" aria-required=\"true\" data-invmsg=\"Votre texte est non valide\" aria-invalid=\"false\"  ><\/textarea>\r\n    \r\n    \r\n<\/div>\n<div id=\"frm_field_23_container\" class=\"frm_form_field form-field \">\r\n\t<div class=\"frm_submit\">\r\n\r\n<button class=\"frm_button_submit\" type=\"submit\"  >Envoyer<\/button>\r\n\r\n<\/div>\r\n<\/div>\n\t<input type=\"hidden\" name=\"item_key\" value=\"\" \/>\n\t\t\t<div id=\"frm_field_25_container\">\n\t\t\t<label for=\"field_eb408\" >\n\t\t\t\tSi vous \u00eates un humain, ne remplissez pas ce champ.\t\t\t<\/label>\n\t\t\t<input  id=\"field_eb408\" type=\"text\" class=\"frm_form_field form-field frm_verify\" name=\"item_meta[25]\" value=\"\"  \/>\n\t\t<\/div>\n\t\t<input name=\"frm_state\" type=\"hidden\" value=\"+blGgD39\/F1OOvdzlYTNeNZklHhmheBELsSSDLZ35AE=\" \/><\/div>\n<\/fieldset>\n<\/div>\n<script type=\"text\/javascript\">var input = document.createElement('input');\n    input.setAttribute('type', 'hidden');\n    input.setAttribute('name', 'ct_checkjs_frm');\n    input.setAttribute('value', '902a215d3273092bfefe338a2a2c04aba5103a19fb274eac45e56154256b171f');\n    for (i = 0; i < document.forms.length; i++) {\n        if (typeof document.forms[i].id == 'string'){\n\t\t\tif(document.forms[i].id.search('form_formcontrib803be81dfb') != -1) {\n            document.forms[i].appendChild(input);\n\t\t\t}\n        }\n    }<\/script>\n\n<\/form>\n<\/div>\n<\/div><\/div><\/div><\/div><\/div><\/div><\/div><\/div>\n","protected":false},"excerpt":{"rendered":"<p>ContactVous souhaitez nous contacter ?Remplissez ce formulaire, nous vous r\u00e9pondrons rapidement..<\/p>\n","protected":false},"author":5,"featured_media":0,"parent":0,"menu_order":0,"comment_status":"closed","ping_status":"closed","template":"","meta":{"footnotes":""},"class_list":["post-528","page","type-page","status-publish","hentry"],"yoast_head":"<!-- This site is optimized with the Yoast SEO plugin v24.9 - https:\/\/yoast.com\/wordpress\/plugins\/seo\/ -->\n<title>Contact - Job4mi Ouest<\/title>\n<meta name=\"robots\" content=\"index, follow, max-snippet:-1, max-image-preview:large, max-video-preview:-1\" \/>\n<link rel=\"canonical\" href=\"https:\/\/job4miouest.fr\/index.php\/contact\/\" \/>\n<meta property=\"og:locale\" content=\"fr_FR\" \/>\n<meta property=\"og:type\" content=\"article\" \/>\n<meta property=\"og:title\" content=\"Contact - Job4mi Ouest\" \/>\n<meta property=\"og:description\" content=\"ContactVous souhaitez nous contacter ?Remplissez ce formulaire, nous vous r\u00e9pondrons rapidement..\" \/>\n<meta property=\"og:url\" content=\"https:\/\/job4miouest.fr\/index.php\/contact\/\" \/>\n<meta property=\"og:site_name\" content=\"Job4mi Ouest\" \/>\n<meta property=\"article:modified_time\" content=\"2020-12-03T14:59:21+00:00\" \/>\n<meta name=\"twitter:card\" content=\"summary_large_image\" \/>\n<script type=\"application\/ld+json\" class=\"yoast-schema-graph\">{\"@context\":\"https:\/\/schema.org\",\"@graph\":[{\"@type\":\"WebPage\",\"@id\":\"https:\/\/job4miouest.fr\/index.php\/contact\/\",\"url\":\"https:\/\/job4miouest.fr\/index.php\/contact\/\",\"name\":\"Contact - Job4mi Ouest\",\"isPartOf\":{\"@id\":\"http:\/\/job4miouest.fr\/#website\"},\"datePublished\":\"2020-12-03T14:50:39+00:00\",\"dateModified\":\"2020-12-03T14:59:21+00:00\",\"breadcrumb\":{\"@id\":\"https:\/\/job4miouest.fr\/index.php\/contact\/#breadcrumb\"},\"inLanguage\":\"fr-FR\",\"potentialAction\":[{\"@type\":\"ReadAction\",\"target\":[\"https:\/\/job4miouest.fr\/index.php\/contact\/\"]}]},{\"@type\":\"BreadcrumbList\",\"@id\":\"https:\/\/job4miouest.fr\/index.php\/contact\/#breadcrumb\",\"itemListElement\":[{\"@type\":\"ListItem\",\"position\":1,\"name\":\"Accueil\",\"item\":\"http:\/\/job4miouest.fr\/\"},{\"@type\":\"ListItem\",\"position\":2,\"name\":\"Contact\"}]},{\"@type\":\"WebSite\",\"@id\":\"http:\/\/job4miouest.fr\/#website\",\"url\":\"http:\/\/job4miouest.fr\/\",\"name\":\"Job4mi Ouest\",\"description\":\"Ensemble, parcourons les chemins de l\u2019int\u00e9gration par l\u2019emploi\",\"potentialAction\":[{\"@type\":\"SearchAction\",\"target\":{\"@type\":\"EntryPoint\",\"urlTemplate\":\"http:\/\/job4miouest.fr\/?s={search_term_string}\"},\"query-input\":{\"@type\":\"PropertyValueSpecification\",\"valueRequired\":true,\"valueName\":\"search_term_string\"}}],\"inLanguage\":\"fr-FR\"}]}<\/script>\n<!-- \/ Yoast SEO plugin. -->","yoast_head_json":{"title":"Contact - Job4mi Ouest","robots":{"index":"index","follow":"follow","max-snippet":"max-snippet:-1","max-image-preview":"max-image-preview:large","max-video-preview":"max-video-preview:-1"},"canonical":"https:\/\/job4miouest.fr\/index.php\/contact\/","og_locale":"fr_FR","og_type":"article","og_title":"Contact - Job4mi Ouest","og_description":"ContactVous souhaitez nous contacter ?Remplissez ce formulaire, nous vous r\u00e9pondrons rapidement..","og_url":"https:\/\/job4miouest.fr\/index.php\/contact\/","og_site_name":"Job4mi Ouest","article_modified_time":"2020-12-03T14:59:21+00:00","twitter_card":"summary_large_image","schema":{"@context":"https:\/\/schema.org","@graph":[{"@type":"WebPage","@id":"https:\/\/job4miouest.fr\/index.php\/contact\/","url":"https:\/\/job4miouest.fr\/index.php\/contact\/","name":"Contact - Job4mi Ouest","isPartOf":{"@id":"http:\/\/job4miouest.fr\/#website"},"datePublished":"2020-12-03T14:50:39+00:00","dateModified":"2020-12-03T14:59:21+00:00","breadcrumb":{"@id":"https:\/\/job4miouest.fr\/index.php\/contact\/#breadcrumb"},"inLanguage":"fr-FR","potentialAction":[{"@type":"ReadAction","target":["https:\/\/job4miouest.fr\/index.php\/contact\/"]}]},{"@type":"BreadcrumbList","@id":"https:\/\/job4miouest.fr\/index.php\/contact\/#breadcrumb","itemListElement":[{"@type":"ListItem","position":1,"name":"Accueil","item":"http:\/\/job4miouest.fr\/"},{"@type":"ListItem","position":2,"name":"Contact"}]},{"@type":"WebSite","@id":"http:\/\/job4miouest.fr\/#website","url":"http:\/\/job4miouest.fr\/","name":"Job4mi Ouest","description":"Ensemble, parcourons les chemins de l\u2019int\u00e9gration par l\u2019emploi","potentialAction":[{"@type":"SearchAction","target":{"@type":"EntryPoint","urlTemplate":"http:\/\/job4miouest.fr\/?s={search_term_string}"},"query-input":{"@type":"PropertyValueSpecification","valueRequired":true,"valueName":"search_term_string"}}],"inLanguage":"fr-FR"}]}},"rttpg_featured_image_url":null,"rttpg_author":{"display_name":"Arnaud Ducrest","author_link":"http:\/\/job4miouest.fr\/index.php\/author\/aducrest\/"},"rttpg_comment":0,"rttpg_category":null,"rttpg_excerpt":"ContactVous souhaitez nous contacter ?Remplissez ce formulaire, nous vous r\u00e9pondrons rapidement..","_links":{"self":[{"href":"http:\/\/job4miouest.fr\/index.php\/wp-json\/wp\/v2\/pages\/528","targetHints":{"allow":["GET"]}}],"collection":[{"href":"http:\/\/job4miouest.fr\/index.php\/wp-json\/wp\/v2\/pages"}],"about":[{"href":"http:\/\/job4miouest.fr\/index.php\/wp-json\/wp\/v2\/types\/page"}],"author":[{"embeddable":true,"href":"http:\/\/job4miouest.fr\/index.php\/wp-json\/wp\/v2\/users\/5"}],"replies":[{"embeddable":true,"href":"http:\/\/job4miouest.fr\/index.php\/wp-json\/wp\/v2\/comments?post=528"}],"version-history":[{"count":0,"href":"http:\/\/job4miouest.fr\/index.php\/wp-json\/wp\/v2\/pages\/528\/revisions"}],"wp:attachment":[{"href":"http:\/\/job4miouest.fr\/index.php\/wp-json\/wp\/v2\/media?parent=528"}],"curies":[{"name":"wp","href":"https:\/\/api.w.org\/{rel}","templated":true}]}}