{"id":262,"date":"2020-11-27T16:13:47","date_gmt":"2020-11-27T15:13:47","guid":{"rendered":"http:\/\/job4miouest.fr\/?page_id=262"},"modified":"2021-09-01T23:06:22","modified_gmt":"2021-09-01T21:06:22","slug":"brouillon-auto","status":"publish","type":"page","link":"http:\/\/job4miouest.fr\/index.php\/brouillon-auto\/","title":{"rendered":"T\u00e9moignages"},"content":{"rendered":"<div class=\"vce-row-container\" data-vce-boxed-width=\"true\"><div class=\"vce-row vce-row--col-gap-30 vce-row-equal-height vce-row-content--top\" id=\"el-ac21ae4a\" data-vce-do-apply=\"all el-ac21ae4a\"><div class=\"vce-row-content\" data-vce-element-content=\"true\"><div class=\"vce-col vce-col--md-20p vce-col--xs-1 vce-col--xs-last vce-col--xs-first vce-col--sm-last vce-col--sm-first vce-col--md-first vce-col--lg-first vce-col--xl-first\" id=\"el-7fe62898\"><div class=\"vce-col-inner\" data-vce-do-apply=\"border margin background  el-7fe62898\"><div class=\"vce-col-content\" data-vce-element-content=\"true\" data-vce-do-apply=\"padding el-7fe62898\"><\/div><\/div><\/div><div class=\"vce-col vce-col--md-46-67p vce-col--xs-1 vce-col--xs-last vce-col--xs-first vce-col--sm-last vce-col--sm-first\" id=\"el-0dc3d200\"><div class=\"vce-col-inner\" data-vce-do-apply=\"border margin background  el-0dc3d200\"><div class=\"vce-col-content\" data-vce-element-content=\"true\" data-vce-do-apply=\"padding el-0dc3d200\"><div class=\"vce-text-block\"><div class=\"vce-text-block-wrapper vce\" id=\"el-32b3621e\" data-vce-do-apply=\"all el-32b3621e\"><h2>T\u00e9moignages<\/h2><\/div><\/div><\/div><\/div><\/div><div class=\"vce-col vce-col--md-auto vce-col--xs-1 vce-col--xs-last vce-col--xs-first vce-col--sm-last vce-col--sm-first vce-col--md-last vce-col--lg-last vce-col--xl-last\" id=\"el-1c4eed83\"><div class=\"vce-col-inner\" data-vce-do-apply=\"border margin background  el-1c4eed83\"><div class=\"vce-col-content\" data-vce-element-content=\"true\" data-vce-do-apply=\"padding el-1c4eed83\"><\/div><\/div><\/div><\/div><\/div><\/div><div class=\"vce-row-container\" data-vce-boxed-width=\"true\"><div class=\"vce-row vce-row--col-gap-30 list-temoignages vce-row-equal-height vce-row-content--top\" id=\"el-994328f6\" data-vce-do-apply=\"all el-994328f6\"><div class=\"vce-row-content\" data-vce-element-content=\"true\"><div class=\"vce-col vce-col--md-20p vce-col--xs-1 vce-col--xs-last vce-col--xs-first vce-col--sm-last vce-col--sm-first vce-col--md-first vce-col--lg-first vce-col--xl-first\" id=\"el-4adf778e\"><div class=\"vce-col-inner\" data-vce-do-apply=\"border margin background  el-4adf778e\"><div class=\"vce-col-content\" data-vce-element-content=\"true\" data-vce-do-apply=\"padding el-4adf778e\"><\/div><\/div><\/div><div class=\"vce-col vce-col--md-60p vce-col--xs-1 vce-col--xs-last vce-col--xs-first vce-col--sm-last vce-col--sm-first\" id=\"el-a0c464b9\"><div class=\"vce-col-inner\" data-vce-do-apply=\"border margin background  el-a0c464b9\"><div class=\"vce-col-content\" data-vce-element-content=\"true\" data-vce-do-apply=\"padding el-a0c464b9\"><div class=\"vce-shortcode\"><div class=\"vce-shortcode-wrapper vce\" id=\"el-ad71590e\" data-vce-do-apply=\"all el-ad71590e\"><div class=\"strong-view strong-view-id-2 modern wpmtst-modern\" data-count=\"4\"><div class=\"strong-content strong-normal columns-1\"><div class=\"wpmtst-testimonial testimonial post-140\"><div class=\"wpmtst-testimonial-inner testimonial-inner\"><div   class=\"wpmtst-testimonial-content  testimonial-content\"><h3 class=\"wpmtst-testimonial-heading testimonial-heading\">H\u00e9l\u00e8ne Kowalczyk, Responsable d\u00e9veloppement du Groupe Joker \u00e0 Nantes<\/h3><p>Joker est implant\u00e9e depuis un an \u00e0 Nantes. C\u2019est une entreprise du Nord, bas\u00e9e \u00e0 Lille, qui recrute des assistantes m\u00e9nag\u00e8res. L\u2019objectif principal est d\u2019aider des femmes \u00e0 se r\u00e9ins\u00e9rer, en retrouvant un emploi. Le c\u0153ur, c\u2019est la formation : nous proposons une formation compl\u00e8te qui permet aux femmes recrut\u00e9es de passer un dipl\u00f4me.<\/p><p>Nous avons une client\u00e8le plut\u00f4t haut de gamme, d\u2019o\u00f9 l\u2019importance de la formation. Ensuite Joker leur propose automatiquement un CDI et elles choisissent leur volume horaire et les horaires de travail, pour concilier vie priv\u00e9e et vie professionnelle. Nous positionnons les clients en fonction de leur lieu d\u2019habitation pour qu\u2019elles n\u2019aient pas plus de 30 minutes en transport en commun pour se rendre sur leur lieu de travail. Actuellement, nous avons 11 salari\u00e9es \u00e0 Nantes. Les sessions de formation ont lieu tous les 2 mois, elles sont r\u00e9mun\u00e9r\u00e9es et sont adapt\u00e9es en termes d\u2019heures en fonction des besoins et des parcours de chaque stagiaire. Nous recherchons des personnes motiv\u00e9es, hommes ou femmes, sans exp\u00e9rience ou qualification particuli\u00e8re, avec un niveau correct de fran\u00e7ais, \u00e9crit, lu et parl\u00e9.<\/p><p>L\u2019objectif de l\u2019entreprise est de se d\u00e9velopper \u00e0 Nantes. Pour cela, nous avons besoin d\u2019intervenant.e.s comp\u00e9tent.e.s, qualifi\u00e9.e.s et organis\u00e9.e.s. Les recrutements ne sont pas simples et doivent \u00eatre anticip\u00e9s. C\u2019est pour cela que pour nous c\u2019est tr\u00e8s important de d\u00e9velopper des relations avec des prescripteurs, notamment des associations comme Job4Mi Ouest. Job4Mi Ouest est en mesure d\u2019identifier beaucoup de candidat.e.s potentiel.le.s. et l\u2019association prend tout en charge \u00e0 partir du moment o\u00f9 un recrutement est lanc\u00e9: elle contacte les candidat.e.s et r\u00e9alise un premier entretien pour \u00e9valuer la motivation, ce qui nous permet derri\u00e8re de gagner du temps. Nous avons recrut\u00e9 jusqu\u2019\u00e0 pr\u00e9sent 7 salari\u00e9es gr\u00e2ce \u00e0 Job4Mi Ouest. Parmi elles, certaines \u00e9taient tr\u00e8s \u00e9loign\u00e9es de l\u2019emploi : c\u2019est une victoire de les accueillir et de les voir \u00e9voluer jusqu\u2019au moment o\u00f9 elles signent leur CDI. Ce que je retiens du partenariat avec l\u2019association : structur\u00e9 et enrichissant.\u201d<\/p><\/div><div class=\"wpmtst-testimonial-image testimonial-image\"><img width=\"150\" height=\"150\" src=\"http:\/\/job4miouest.fr\/wp-content\/uploads\/2020\/11\/photo-Helene-kowalczyk-150x150.jpg\" class=\"attachment-thumbnail size-thumbnail wp-post-image\" alt=\"Photo H\u00e9l\u00e8ne Kowalczyk Joker\" \/><\/div><div class=\"clear\"><\/div><\/div><\/div><div class=\"wpmtst-testimonial testimonial post-144\"><div class=\"wpmtst-testimonial-inner testimonial-inner\"><div   class=\"wpmtst-testimonial-content  testimonial-content\"><h3 class=\"wpmtst-testimonial-heading testimonial-heading\">Faisal Idriss Suliman, Pr\u00e9parateur de commandes \u00e0 Syst\u00e8me U<\/h3><p>\u201cJe m\u2019appelle Idriss Suliman. Je suis soudanais du Darfour. Je suis arriv\u00e9 en France le 6 juillet 2016. J\u2019ai eu mes papiers en septembre 2016. Apr\u00e8s mes cours de fran\u00e7ais au CFP Presqu&rsquo;\u00eele j\u2019ai commenc\u00e9 \u00e0 chercher du travail. Pendant 1 an je n\u2019ai pas trouv\u00e9 de travail. En 2018, j\u2019ai travaill\u00e9 pendant 4 mois pour l\u2019agence d\u2019int\u00e9rim Inserim puis pendant 4 ou 5 mois dans le mara\u00eechage. Ensuite j\u2019ai entendu parler des b\u00e9n\u00e9voles de Job4Mi Ouest par deux amis, on jouait au foot ensemble. J\u2019ai contact\u00e9 ces deux b\u00e9n\u00e9voles, Jacky et Alain. La premi\u00e8re fois que je les ai rencontr\u00e9s on \u00e9tait 6 ou 7 personnes qui cherchaient un travail. Je leur ai donn\u00e9 mon CV et c\u2019est eux qui ont fait le contact avec l\u2019entreprise. Et apr\u00e8s je suis rentr\u00e9 chez U logistique.<\/p><p>J\u2019ai commenc\u00e9 \u00e0 travailler chez U log en avril 2019 et j\u2019ai fait plusieurs m\u00e9tiers: pr\u00e9parateur de commandes, cariste, rouleur, propret\u00e9. J\u2019ai pass\u00e9 mon caces 5, financ\u00e9 par l\u2019entreprise. Comme le fran\u00e7ais \u00e9tait un peu compliqu\u00e9 pour passer le caces, chaque jour il y avait un coll\u00e8gue qui \u00e9tait envoy\u00e9 par l\u2019entreprise pour nous aider \u00e0 bien comprendre les cours. Ensuite j\u2019ai eu un entretien d\u2019\u00e9valuation avec le directeur du site et on m\u2019a propos\u00e9 de signer un CDI en ao\u00fbt 2020. Il y a beaucoup de fran\u00e7ais qui travaillent dans l\u2019entrep\u00f4t: tout le monde nous aide, comme on ne parle pas parfaitement fran\u00e7ais. J\u2019aime bien mon poste et il y a des perspectives d\u2019\u00e9valuation.<\/p><p>Ma principale difficult\u00e9 quand j\u2019ai commenc\u00e9 \u00e0 chercher du travail \u00e0 Nantes, dans l\u2019int\u00e9rim, c\u2019\u00e9tait la langue fran\u00e7aise. J\u2019ai eu 200h de cours au CFP Presqu\u2019\u00eele, financ\u00e9es par l\u2019OFII, mais ce n\u2019est pas suffisant. Je ne parlais pas du tout fran\u00e7ais en arrivant en France. Quand j\u2019ai commenc\u00e9 mon travail chez Syst\u00e8me U, la langue fran\u00e7aise \u00e9tait encore un peu difficile mais je progresse. Je vais aussi commencer de nouveaux cours, pris en charge par l\u2019entreprise.\u201d<\/p><\/div><div class=\"wpmtst-testimonial-image testimonial-image\"><img width=\"150\" height=\"150\" src=\"http:\/\/job4miouest.fr\/wp-content\/uploads\/2020\/11\/Photo-Faisal-Idriss-150x150.jpg\" class=\"attachment-thumbnail size-thumbnail wp-post-image\" alt=\"Photo Faisal Idriss, salari\u00e9 chez U log\" \/><\/div><div class=\"clear\"><\/div><\/div><\/div><div class=\"wpmtst-testimonial testimonial post-147\"><div class=\"wpmtst-testimonial-inner testimonial-inner\"><div   class=\"wpmtst-testimonial-content  testimonial-content\"><h3 class=\"wpmtst-testimonial-heading testimonial-heading\">Damien GROS, Directeur G\u00e9n\u00e9ral du Valnantais<\/h3><p><em>\u201cValnantais est la fili\u00e8re mara\u00eechage de la coop\u00e9rative Terrena, une des plus grosses coop\u00e9ratives de France, bas\u00e9e \u00e0 Ancenis, qui est multi-activit\u00e9s. Le Valnantais a une station qui r\u00e9ceptionne toute la production de l\u00e9gumes de ses producteurs, et ensuite commercialise leurs produits. Il y a \u00e9galement deux usines: une usine de conditionnement de salades, qu\u2019on appelle 4\u00e8me gamme, pr\u00eate \u00e0 consommer, et une usine o\u00f9 sont conditionn\u00e9s et exp\u00e9di\u00e9s les l\u00e9gumes 1<sup>\u00e8re<\/sup> gamme. En saison, cela repr\u00e9sente 300 salari\u00e9s. Notre mission est de valoriser la production de nos agriculteurs adh\u00e9rents. Il y a des m\u00e9tiers de fond pour lesquels le recrutement est compliqu\u00e9 : la maintenance, conducteurs<\/em><em> de lignes, chauffeurs. J\u2019ai \u00e9t\u00e9 contact\u00e9 dans un premier temps par Arnaud du Crest, Pr\u00e9sident de Job4Mi Ouest, pour participer au Conseil d\u2019Administration de l\u2019association. Ensuite, \u00e7a a pris chez nous car notre management est sensible \u00e0 la question de l\u2019int\u00e9gration des personnes migrantes. Le partenariat avec Job4Mi Ouest nous a permis de trouver une autre voie pour recruter et de renforcer les effectifs. Cela g\u00e9n\u00e8re un peu plus de travail au niveau RH, mais c\u2019est positif car nous int\u00e9grons des personnes motiv\u00e9es. J\u2019essaye d\u2019\u00e9viter de trop communiquer en interne sur cette action : mon r\u00f4le c\u2019est de trouver les femmes et les hommes pour remplir la mission de l\u2019entreprise. Les personnes recrut\u00e9es par l\u2019interm\u00e9diaire de Job4Mi Ouest sont exactement comme le reste des salari\u00e9s : ce sont des personnes motiv\u00e9es, certaines se sont int\u00e9gr\u00e9es et \u00e7a se passe tr\u00e8s bien, d\u2019autres sont parties car elles ne se sont pas plues. C\u2019est la vie de toutes les entreprises. Nous n\u2019avons pas voulu mettre en place de traitement sp\u00e9cifique, au risque de stigmatiser. Dans nos recrutements nous avons \u00e9t\u00e9 attentifs au niveau de fran\u00e7ais: nous sommes un site agro-alimentaire et les notions de s\u00e9curit\u00e9 sont capitales. On ne peut pas se permettre d\u2019avoir des incompr\u00e9hensions.\u201d<\/em><\/p><\/div><div class=\"wpmtst-testimonial-image testimonial-image\"><img width=\"150\" height=\"150\" src=\"http:\/\/job4miouest.fr\/wp-content\/uploads\/2020\/11\/photo-Damien-Gros-2020-2-150x150.jpg\" class=\"attachment-thumbnail size-thumbnail wp-post-image\" alt=\"Photo Damien Gros DG Valnantais\" \/><\/div><div class=\"clear\"><\/div><\/div><\/div><div class=\"wpmtst-testimonial testimonial post-857\"><div class=\"wpmtst-testimonial-inner testimonial-inner\"><div   class=\"wpmtst-testimonial-content  testimonial-content\"><h3 class=\"wpmtst-testimonial-heading testimonial-heading\">Tony Tonda Roba, cariste \u00e0 Syst\u00e8me U<\/h3><p><strong>\u201c<\/strong>Je m\u2019appelle Tony Tonda Roba. J\u2019habite \u00e0 Rez\u00e9 et je suis de nationalit\u00e9 congolaise. A mon arriv\u00e9e en France, j\u2019ai int\u00e9gr\u00e9 le coll\u00e8ge puis un CAP restauration \u00e0 la Roche-sur-Yon. J\u2019ai travaill\u00e9 pendant 2 ans en alternance dans un restaurant puis en int\u00e9rim dans la restauration collective. J\u2019ai d\u00e9pos\u00e9 plusieurs CV mais je ne r\u00e9ussissais pas \u00e0 trouver un contrat stable dans la restauration collective, seulement des petites missions de quelques jours. J\u2019ai entendu parler de deux b\u00e9n\u00e9voles de Job4Mi Ouest par un ami. Je les ai rencontr\u00e9s puis ils nous ont accompagn\u00e9 pour visiter un site de Syst\u00e8me U. Nous \u00e9tions plusieurs candidats \u00e0 passer un entretien collectif avec le directeur et la responsable RH de l\u2019entreprise. J\u2019ai \u00e9t\u00e9 recrut\u00e9 en janvier 2019 comme pr\u00e9parateur de commandes, via une agence d\u2019int\u00e9rim, qui m\u2019a accompagn\u00e9 pour passer mon CACES 5. Je suis pass\u00e9 cariste et j\u2019ai ensuite \u00e9t\u00e9 embauch\u00e9 en janvier 2020 en CDI. Aujourd\u2019hui je me sens bien dans l\u2019entreprise, il y a un bon esprit d\u2019\u00e9quipe. Le poste de cariste, polyvalent, m\u2019a permis d\u2019\u00e9voluer. Dans l\u2019avenir, je souhaite continuer \u00e0 \u00e9voluer. J\u2019ai envie de faire de nouvelles formations.\u201d<\/p><\/div><div class=\"wpmtst-testimonial-image testimonial-image\"><img width=\"150\" height=\"150\" src=\"http:\/\/job4miouest.fr\/wp-content\/uploads\/2020\/12\/Photo_Tony-Tonda-150x150.jpg\" class=\"attachment-thumbnail size-thumbnail wp-post-image\" alt=\"photo de Tony Tonda\" \/><\/div><div class=\"clear\"><\/div><\/div><\/div><\/div><\/div><\/div><\/div><\/div><\/div><\/div><div class=\"vce-col vce-col--md-20p vce-col--xs-1 vce-col--xs-last vce-col--xs-first vce-col--sm-last vce-col--sm-first vce-col--md-last vce-col--lg-last vce-col--xl-last\" id=\"el-925fa792\"><div class=\"vce-col-inner\" data-vce-do-apply=\"border margin background  el-925fa792\"><div class=\"vce-col-content\" data-vce-element-content=\"true\" data-vce-do-apply=\"padding el-925fa792\"><\/div><\/div><\/div><\/div><\/div><\/div><div class=\"vce-row-container\" data-vce-boxed-width=\"true\"><div class=\"vce-row vce-row--col-gap-30 vce-row-equal-height vce-row-content--top\" id=\"el-8755c2d0\" data-vce-do-apply=\"all el-8755c2d0\"><div class=\"vce-row-content\" data-vce-element-content=\"true\"><div class=\"vce-col vce-col--md-auto vce-col--xs-1 vce-col--xs-last vce-col--xs-first vce-col--sm-last vce-col--sm-first vce-col--md-last vce-col--lg-last vce-col--xl-last vce-col--md-first vce-col--lg-first vce-col--xl-first\" id=\"el-4d50695b\"><div class=\"vce-col-inner\" data-vce-do-apply=\"border margin background  el-4d50695b\"><div class=\"vce-col-content\" data-vce-element-content=\"true\" data-vce-do-apply=\"padding el-4d50695b\"><div class=\"vce-button--style-basic-container vce-button--style-basic-container--align-center\"><span class=\"vce-button--style-basic-wrapper vce\" id=\"el-0306d0e3\" data-vce-do-apply=\"margin el-0306d0e3\"><a class=\"vce-button--style-basic vce-button--style-basic--border-rounded vce-button--style-basic--size-medium vce-button--style-basic--color-b-255-107-67--fff\" href=\"http:\/\/job4miouest.fr\/index.php\/2021\/06\/07\/assemblee-generale-de-job4mi-ouest-3-juin-2021\/\" title=\"\" data-vce-do-apply=\"padding border background  el-0306d0e3\">PLUS DE TEMOIGNAGES LORS DE NOTRE AG 2021<\/a><\/span><\/div><\/div><\/div><\/div><\/div><\/div><\/div>\n","protected":false},"excerpt":{"rendered":"<p>T\u00e9moignagesPLUS DE TEMOIGNAGES LORS DE NOTRE AG 2021<\/p>\n","protected":false},"author":2,"featured_media":0,"parent":0,"menu_order":0,"comment_status":"closed","ping_status":"closed","template":"","meta":{"footnotes":""},"class_list":["post-262","page","type-page","status-publish","hentry"],"yoast_head":"<!-- This site is optimized with the Yoast SEO plugin v24.9 - https:\/\/yoast.com\/wordpress\/plugins\/seo\/ -->\n<title>T\u00e9moignages - Job4mi Ouest<\/title>\n<meta name=\"robots\" content=\"index, follow, max-snippet:-1, max-image-preview:large, max-video-preview:-1\" \/>\n<link rel=\"canonical\" href=\"http:\/\/job4miouest.fr\/index.php\/brouillon-auto\/\" \/>\n<meta property=\"og:locale\" content=\"fr_FR\" \/>\n<meta property=\"og:type\" content=\"article\" \/>\n<meta property=\"og:title\" content=\"T\u00e9moignages - Job4mi Ouest\" \/>\n<meta property=\"og:description\" content=\"T\u00e9moignagesPLUS DE TEMOIGNAGES LORS DE NOTRE AG 2021\" \/>\n<meta property=\"og:url\" content=\"http:\/\/job4miouest.fr\/index.php\/brouillon-auto\/\" \/>\n<meta property=\"og:site_name\" content=\"Job4mi Ouest\" \/>\n<meta property=\"article:modified_time\" content=\"2021-09-01T21:06:22+00:00\" \/>\n<meta name=\"twitter:card\" content=\"summary_large_image\" \/>\n<script type=\"application\/ld+json\" class=\"yoast-schema-graph\">{\"@context\":\"https:\/\/schema.org\",\"@graph\":[{\"@type\":\"WebPage\",\"@id\":\"http:\/\/job4miouest.fr\/index.php\/brouillon-auto\/\",\"url\":\"http:\/\/job4miouest.fr\/index.php\/brouillon-auto\/\",\"name\":\"T\u00e9moignages - Job4mi Ouest\",\"isPartOf\":{\"@id\":\"https:\/\/job4miouest.fr\/#website\"},\"datePublished\":\"2020-11-27T15:13:47+00:00\",\"dateModified\":\"2021-09-01T21:06:22+00:00\",\"breadcrumb\":{\"@id\":\"http:\/\/job4miouest.fr\/index.php\/brouillon-auto\/#breadcrumb\"},\"inLanguage\":\"fr-FR\",\"potentialAction\":[{\"@type\":\"ReadAction\",\"target\":[\"http:\/\/job4miouest.fr\/index.php\/brouillon-auto\/\"]}]},{\"@type\":\"BreadcrumbList\",\"@id\":\"http:\/\/job4miouest.fr\/index.php\/brouillon-auto\/#breadcrumb\",\"itemListElement\":[{\"@type\":\"ListItem\",\"position\":1,\"name\":\"Accueil\",\"item\":\"https:\/\/job4miouest.fr\/\"},{\"@type\":\"ListItem\",\"position\":2,\"name\":\"T\u00e9moignages\"}]},{\"@type\":\"WebSite\",\"@id\":\"https:\/\/job4miouest.fr\/#website\",\"url\":\"https:\/\/job4miouest.fr\/\",\"name\":\"Job4mi Ouest\",\"description\":\"Ensemble, parcourons les chemins de l\u2019int\u00e9gration par l\u2019emploi\",\"potentialAction\":[{\"@type\":\"SearchAction\",\"target\":{\"@type\":\"EntryPoint\",\"urlTemplate\":\"https:\/\/job4miouest.fr\/?s={search_term_string}\"},\"query-input\":{\"@type\":\"PropertyValueSpecification\",\"valueRequired\":true,\"valueName\":\"search_term_string\"}}],\"inLanguage\":\"fr-FR\"}]}<\/script>\n<!-- \/ Yoast SEO plugin. -->","yoast_head_json":{"title":"T\u00e9moignages - Job4mi Ouest","robots":{"index":"index","follow":"follow","max-snippet":"max-snippet:-1","max-image-preview":"max-image-preview:large","max-video-preview":"max-video-preview:-1"},"canonical":"http:\/\/job4miouest.fr\/index.php\/brouillon-auto\/","og_locale":"fr_FR","og_type":"article","og_title":"T\u00e9moignages - Job4mi Ouest","og_description":"T\u00e9moignagesPLUS DE TEMOIGNAGES LORS DE NOTRE AG 2021","og_url":"http:\/\/job4miouest.fr\/index.php\/brouillon-auto\/","og_site_name":"Job4mi Ouest","article_modified_time":"2021-09-01T21:06:22+00:00","twitter_card":"summary_large_image","schema":{"@context":"https:\/\/schema.org","@graph":[{"@type":"WebPage","@id":"http:\/\/job4miouest.fr\/index.php\/brouillon-auto\/","url":"http:\/\/job4miouest.fr\/index.php\/brouillon-auto\/","name":"T\u00e9moignages - Job4mi Ouest","isPartOf":{"@id":"https:\/\/job4miouest.fr\/#website"},"datePublished":"2020-11-27T15:13:47+00:00","dateModified":"2021-09-01T21:06:22+00:00","breadcrumb":{"@id":"http:\/\/job4miouest.fr\/index.php\/brouillon-auto\/#breadcrumb"},"inLanguage":"fr-FR","potentialAction":[{"@type":"ReadAction","target":["http:\/\/job4miouest.fr\/index.php\/brouillon-auto\/"]}]},{"@type":"BreadcrumbList","@id":"http:\/\/job4miouest.fr\/index.php\/brouillon-auto\/#breadcrumb","itemListElement":[{"@type":"ListItem","position":1,"name":"Accueil","item":"https:\/\/job4miouest.fr\/"},{"@type":"ListItem","position":2,"name":"T\u00e9moignages"}]},{"@type":"WebSite","@id":"https:\/\/job4miouest.fr\/#website","url":"https:\/\/job4miouest.fr\/","name":"Job4mi Ouest","description":"Ensemble, parcourons les chemins de l\u2019int\u00e9gration par l\u2019emploi","potentialAction":[{"@type":"SearchAction","target":{"@type":"EntryPoint","urlTemplate":"https:\/\/job4miouest.fr\/?s={search_term_string}"},"query-input":{"@type":"PropertyValueSpecification","valueRequired":true,"valueName":"search_term_string"}}],"inLanguage":"fr-FR"}]}},"rttpg_featured_image_url":null,"rttpg_author":{"display_name":"Olivier Richard","author_link":"http:\/\/job4miouest.fr\/index.php\/author\/orichard\/"},"rttpg_comment":0,"rttpg_category":null,"rttpg_excerpt":"T\u00e9moignagesPLUS DE TEMOIGNAGES LORS DE NOTRE AG 2021","_links":{"self":[{"href":"http:\/\/job4miouest.fr\/index.php\/wp-json\/wp\/v2\/pages\/262","targetHints":{"allow":["GET"]}}],"collection":[{"href":"http:\/\/job4miouest.fr\/index.php\/wp-json\/wp\/v2\/pages"}],"about":[{"href":"http:\/\/job4miouest.fr\/index.php\/wp-json\/wp\/v2\/types\/page"}],"author":[{"embeddable":true,"href":"http:\/\/job4miouest.fr\/index.php\/wp-json\/wp\/v2\/users\/2"}],"replies":[{"embeddable":true,"href":"http:\/\/job4miouest.fr\/index.php\/wp-json\/wp\/v2\/comments?post=262"}],"version-history":[{"count":3,"href":"http:\/\/job4miouest.fr\/index.php\/wp-json\/wp\/v2\/pages\/262\/revisions"}],"predecessor-version":[{"id":1610,"href":"http:\/\/job4miouest.fr\/index.php\/wp-json\/wp\/v2\/pages\/262\/revisions\/1610"}],"wp:attachment":[{"href":"http:\/\/job4miouest.fr\/index.php\/wp-json\/wp\/v2\/media?parent=262"}],"curies":[{"name":"wp","href":"https:\/\/api.w.org\/{rel}","templated":true}]}}