{"id":1366,"date":"2021-01-31T17:44:50","date_gmt":"2021-01-31T16:44:50","guid":{"rendered":"http:\/\/job4miouest.fr\/?page_id=1366"},"modified":"2021-01-31T18:19:56","modified_gmt":"2021-01-31T17:19:56","slug":"brouillon-auto-2","status":"publish","type":"page","link":"http:\/\/job4miouest.fr\/index.php\/brouillon-auto-2\/","title":{"rendered":"Brouillon auto"},"content":{"rendered":"<div class=\"vce-row-container\"><div class=\"vce-row vce-row--xl--has-col-background vce-row--lg--has-col-background vce-row--md--has-col-background vce-row--sm--has-col-background vce-row--xs--has-col-background vce-element--has-background vce-row--col-gap-30 intro-h1 vce-row-equal-height vce-row-columns--top vce-row-content--top\" data-vce-full-width=\"true\" data-vce-stretch-content=\"true\" id=\"el-d6f8e15e\" data-vce-do-apply=\"all el-d6f8e15e\"><div class=\"vce-content-background-container\"><\/div><div class=\"vce-row-content\" data-vce-element-content=\"true\"><div class=\"vce-col vce-element--xl--has-background vce-element--lg--has-background vce-element--md--has-background vce-element--sm--has-background vce-element--xs--has-background vce-col--xs-100p vce-col--xs-visible vce-col--xs-last vce-col--xs-first vce-col--sm-100p vce-col--sm-visible vce-col--sm-last vce-col--sm-first vce-col--md-100p vce-col--md-visible vce-col--md-last vce-col--md-first vce-col--lg-100p vce-col--lg-visible vce-col--lg-last vce-col--lg-first vce-col--xl-42-52p vce-col--xl-visible vce-col--xl-first\" id=\"el-9e3f10a3\"><div class=\"vce-col-inner\" data-vce-do-apply=\"border margin background  el-9e3f10a3\"><div class=\"vce-content-background-container\"><div class=\"vce-asset-background-simple-container vce-visible-xl-only vce-asset-background-simple--style-no-repeat vce-asset-background-simple--position-left-top\"><div class=\"vce-asset-background-simple\"><div class=\"vce-asset-background-simple-item\" style=\"background-image: url('http:\/\/job4miouest.fr\/wp-content\/uploads\/2020\/11\/JOB4mi-association-element-graph-6.png');\"><\/div><\/div><\/div><div class=\"vce-asset-background-simple-container vce-visible-lg-only vce-asset-background-simple--style-no-repeat vce-asset-background-simple--position-left-top\"><div class=\"vce-asset-background-simple\"><div class=\"vce-asset-background-simple-item\" style=\"background-image: url('http:\/\/job4miouest.fr\/wp-content\/uploads\/2020\/11\/JOB4mi-association-element-graph-6.png');\"><\/div><\/div><\/div><div class=\"vce-asset-background-simple-container vce-visible-md-only vce-asset-background-simple--style-no-repeat vce-asset-background-simple--position-left-top\"><div class=\"vce-asset-background-simple\"><div class=\"vce-asset-background-simple-item\" style=\"background-image: url('http:\/\/job4miouest.fr\/wp-content\/uploads\/2020\/11\/JOB4mi-association-element-graph-6.png');\"><\/div><\/div><\/div><div class=\"vce-asset-background-simple-container vce-visible-sm-only vce-asset-background-simple--style-no-repeat vce-asset-background-simple--position-left-top\"><div class=\"vce-asset-background-simple\"><div class=\"vce-asset-background-simple-item\" style=\"background-image: url('http:\/\/job4miouest.fr\/wp-content\/uploads\/2020\/11\/JOB4mi-association-element-graph-6.png');\"><\/div><\/div><\/div><div class=\"vce-asset-background-simple-container vce-visible-xs-only vce-asset-background-simple--style-no-repeat vce-asset-background-simple--position-left-top\"><div class=\"vce-asset-background-simple\"><div class=\"vce-asset-background-simple-item\" style=\"background-image: url('http:\/\/job4miouest.fr\/wp-content\/uploads\/2020\/11\/JOB4mi-association-element-graph-6.png');\"><\/div><\/div><\/div><\/div><div class=\"vce-col-content\" data-vce-element-content=\"true\" data-vce-do-apply=\"padding el-9e3f10a3\"><div class=\"vce-text-block\"><div class=\"vce-text-block-wrapper vce\" id=\"el-26ead1f8\" data-vce-do-apply=\"all el-26ead1f8\"><h1 style=\"text-align: center;\">L'association<\/h1><\/div><\/div><div class=\"vce vce-separator-container vce-separator--align-center vce-separator--style-solid\" id=\"el-04a88e66\" data-vce-do-apply=\"margin el-04a88e66\"><div class=\"vce-separator vce-separator--color-b-58-80-141 vce-separator--width-14 vce-separator--thickness-4\" data-vce-do-apply=\"border padding background  el-04a88e66\"><\/div><\/div><div class=\"vce-text-block\"><div class=\"vce-text-block-wrapper vce\" id=\"el-370760a9\" data-vce-do-apply=\"all el-370760a9\"><h2 style=\"text-align: center;\">Notre action<\/h2><\/div><\/div><\/div><\/div><\/div><div class=\"vce-col vce-col--xs-100p vce-col--xs-visible vce-col--xs-last vce-col--xs-first vce-col--sm-100p vce-col--sm-visible vce-col--sm-last vce-col--sm-first vce-col--md-100p vce-col--md-visible vce-col--md-last vce-col--md-first vce-col--lg-100p vce-col--lg-visible vce-col--lg-last vce-col--lg-first vce-col--xl-57-45p vce-col--xl-visible vce-col--xl-last\" id=\"el-e1c921f9\"><div class=\"vce-col-inner\" data-vce-do-apply=\"border margin background  el-e1c921f9\"><div class=\"vce-content-background-container\"><\/div><div class=\"vce-col-content\" data-vce-element-content=\"true\" data-vce-do-apply=\"padding el-e1c921f9\"><div class=\"vce-single-image-container vce-single-image--align-right\"><div class=\"vce vce-single-image-wrapper\" id=\"el-76934920\" data-vce-do-apply=\"all el-76934920\"><figure><div class=\"vce-single-image-inner vce-single-image--absolute\" style=\"padding-bottom: 48.5352%; width: 1024px;\"><img loading=\"lazy\" decoding=\"async\" class=\"vce-single-image\" width=\"1024\" height=\"497\" src=\"http:\/\/job4miouest.fr\/wp-content\/uploads\/2021\/01\/Actu_JobdatingCCI_lg-1024x497.jpg\" srcset=\"http:\/\/job4miouest.fr\/wp-content\/uploads\/2021\/01\/Actu_JobdatingCCI_lg-320x155.jpg 320w,http:\/\/job4miouest.fr\/wp-content\/uploads\/2021\/01\/Actu_JobdatingCCI_lg-480x233.jpg 480w,http:\/\/job4miouest.fr\/wp-content\/uploads\/2021\/01\/Actu_JobdatingCCI_lg-800x388.jpg 800w,http:\/\/job4miouest.fr\/wp-content\/uploads\/2021\/01\/Actu_JobdatingCCI_lg-1024x497.jpg 1024w\" data-img-src=\"http:\/\/job4miouest.fr\/wp-content\/uploads\/2020\/11\/Actu_JobdatingCCI_lg.jpg\" alt=\"\" title=\"Actu_JobdatingCCI_lg\" \/><\/div><figcaption hidden=\"\"><\/figcaption><\/figure><\/div><\/div><\/div><\/div><\/div><\/div><\/div><\/div><div class=\"vce-row-container\" data-vce-boxed-width=\"true\"><div class=\"vce-row vce-row--col-gap-30 content-page yellow vce-row-equal-height vce-row-columns--top vce-row-content--top vcv-state--show-resizer\" id=\"el-f4d950f8\" data-vce-do-apply=\"all el-f4d950f8\"><div class=\"vce-content-background-container\"><\/div><div class=\"vce-row-content\" data-vce-element-content=\"true\"><div class=\"vce-col vce-col--md-auto vce-col--xs-1 vce-col--xs-last vce-col--xs-first vce-col--sm-last vce-col--sm-first vce-col--md-last vce-col--lg-last vce-col--xl-last vce-col--md-first vce-col--lg-first vce-col--xl-first\" id=\"el-4209d596\"><div class=\"vce-col-inner\" data-vce-do-apply=\"border margin background  el-4209d596\"><div class=\"vce-col-content\" data-vce-element-content=\"true\" data-vce-do-apply=\"padding el-4209d596\"><div class=\"vce-row-container\" data-vce-boxed-width=\"true\"><div class=\"vce-row vce-row--col-gap-30 vce-row-equal-height vce-row-columns--top vce-row-content--top\" id=\"el-eb09de38\" data-vce-do-apply=\"all el-eb09de38\"><div class=\"vce-row-content\" data-vce-element-content=\"true\"><div class=\"vce-col vce-col--md-60-46p vce-col--xs-1 vce-col--xs-last vce-col--xs-first vce-col--sm-last vce-col--sm-first vce-col--md-first vce-col--lg-first vce-col--xl-first\" id=\"el-e799027b\"><div class=\"vce-col-inner\" data-vce-do-apply=\"border margin background  el-e799027b\"><div class=\"vce-col-content\" data-vce-element-content=\"true\" data-vce-do-apply=\"padding el-e799027b\"><div class=\"vce-text-block\"><div class=\"vce-text-block-wrapper vce\" id=\"el-4db05631\" data-vce-do-apply=\"all el-4db05631\"><h2>Trois constats<\/h2><\/div><\/div><div class=\"vce vce-separator-container vce-separator--align-left vce-separator--style-solid\" id=\"el-7e246a0a\" data-vce-do-apply=\"margin el-7e246a0a\"><div class=\"vce-separator vce-separator--color-b-246-182-12 vce-separator--width-6 vce-separator--thickness-4\" data-vce-do-apply=\"border padding background  el-7e246a0a\"><\/div><\/div><div class=\"vce-text-block\"><div class=\"vce-text-block-wrapper vce\" id=\"el-516e2870\" data-vce-do-apply=\"all el-516e2870\"><ul><li>De nombreuses entreprises de notre r\u00e9gion rencontrent des difficult\u00e9s \u00e0 recruter, en particulier sur les m\u00e9tiers de premiers niveaux de qualifications.<\/li><li>Des personnes migrantes, qualifi\u00e9es ou non, sont pr\u00eates \u00e0 prendre ces postes de travail avec, toutefois, un besoin d\u2019accompagnement avant et apr\u00e8s la prise de poste.<\/li><li>Les processus classiques de formation, d\u2019insertion, de parrainage et\/ou de recrutement ne sont pas adapt\u00e9s \u00e0 ces publics.<\/li><\/ul><\/div><\/div><\/div><\/div><\/div><div class=\"vce-col vce-col--md-39-53p vce-col--xs-1 vce-col--xs-last vce-col--xs-first vce-col--sm-last vce-col--sm-first vce-col--md-last vce-col--lg-last vce-col--xl-last\" id=\"el-89a16fbd\"><div class=\"vce-col-inner\" data-vce-do-apply=\"border margin background  el-89a16fbd\"><div class=\"vce-content-background-container\"><\/div><div class=\"vce-col-content\" data-vce-element-content=\"true\" data-vce-do-apply=\"padding el-89a16fbd\"><div class=\"vce-text-block\"><div class=\"vce-text-block-wrapper vce\" id=\"el-dafd8e57\" data-vce-do-apply=\"all el-dafd8e57\"><h3 style=\"text-align: right;\"><strong>Les b\u00e9n\u00e9ficiaires<\/strong><\/h3><\/div><\/div><div class=\"vce-text-block\"><div class=\"vce-text-block-wrapper vce\" id=\"el-1dc03ddb\" data-vce-do-apply=\"all el-1dc03ddb\"><p>Les entreprises en tension de recrutements sur la R\u00e9gion Pays de Loire.<\/p><p>Les personnes migrantes qui peuvent \u00eatre autoris\u00e9es \u00e0 travailler<\/p><\/div><\/div><\/div><\/div><\/div><\/div><\/div><\/div><\/div><\/div><\/div><\/div><\/div><\/div><div class=\"vce-row-container\" data-vce-boxed-width=\"true\"><div class=\"vce-row vce-element--xl--has-background vce-element--lg--has-background vce-element--md--has-background vce-element--sm--has-background vce-element--xs--has-background vce-row--col-gap-30 content-page yellow vce-row-equal-height vce-row-columns--top vce-row-content--top\" id=\"el-e8540395\" data-vce-do-apply=\"all el-e8540395\"><div class=\"vce-content-background-container\"><div class=\"vce-asset-background-simple-container vce-visible-xl-only vce-asset-background-simple--style-no-repeat vce-asset-background-simple--position-right-bottom\"><div class=\"vce-asset-background-simple\"><div class=\"vce-asset-background-simple-item\" style=\"background-image: url('http:\/\/job4miouest.fr\/wp-content\/uploads\/2020\/11\/JOB4mi-association-element-graph-1.png');\"><\/div><\/div><\/div><div class=\"vce-asset-background-simple-container vce-visible-lg-only vce-asset-background-simple--style-no-repeat vce-asset-background-simple--position-right-bottom\"><div class=\"vce-asset-background-simple\"><div class=\"vce-asset-background-simple-item\" style=\"background-image: url('http:\/\/job4miouest.fr\/wp-content\/uploads\/2020\/11\/JOB4mi-association-element-graph-1.png');\"><\/div><\/div><\/div><div class=\"vce-asset-background-simple-container vce-visible-md-only vce-asset-background-simple--style-no-repeat vce-asset-background-simple--position-right-bottom\"><div class=\"vce-asset-background-simple\"><div class=\"vce-asset-background-simple-item\" style=\"background-image: url('http:\/\/job4miouest.fr\/wp-content\/uploads\/2020\/11\/JOB4mi-association-element-graph-1.png');\"><\/div><\/div><\/div><div class=\"vce-asset-background-simple-container vce-visible-sm-only vce-asset-background-simple--style-no-repeat vce-asset-background-simple--position-right-bottom\"><div class=\"vce-asset-background-simple\"><div class=\"vce-asset-background-simple-item\" style=\"background-image: url('http:\/\/job4miouest.fr\/wp-content\/uploads\/2020\/11\/JOB4mi-association-element-graph-1.png');\"><\/div><\/div><\/div><div class=\"vce-asset-background-simple-container vce-visible-xs-only vce-asset-background-simple--style-no-repeat vce-asset-background-simple--position-right-bottom\"><div class=\"vce-asset-background-simple\"><div class=\"vce-asset-background-simple-item\" style=\"background-image: url('http:\/\/job4miouest.fr\/wp-content\/uploads\/2020\/11\/JOB4mi-association-element-graph-1.png');\"><\/div><\/div><\/div><\/div><div class=\"vce-row-content\" data-vce-element-content=\"true\"><div class=\"vce-col vce-col--md-auto vce-col--xs-1 vce-col--xs-last vce-col--xs-first vce-col--sm-last vce-col--sm-first vce-col--md-last vce-col--lg-last vce-col--xl-last vce-col--md-first vce-col--lg-first vce-col--xl-first\" id=\"el-ea8aa434\"><div class=\"vce-col-inner\" data-vce-do-apply=\"border margin background  el-ea8aa434\"><div class=\"vce-col-content\" data-vce-element-content=\"true\" data-vce-do-apply=\"padding el-ea8aa434\"><div class=\"vce-row-container\" data-vce-boxed-width=\"true\"><div class=\"vce-row vce-row--col-gap-30 vce-row-equal-height vce-row-columns--top vce-row-content--top\" id=\"el-aa8e7af1\" data-vce-do-apply=\"all el-aa8e7af1\"><div class=\"vce-row-content\" data-vce-element-content=\"true\"><div class=\"vce-col vce-col--md-93-96p vce-col--xs-1 vce-col--xs-last vce-col--xs-first vce-col--sm-last vce-col--sm-first vce-col--md-first vce-col--lg-first vce-col--xl-first\" id=\"el-170292a3\"><div class=\"vce-col-inner\" data-vce-do-apply=\"border margin background  el-170292a3\"><div class=\"vce-col-content\" data-vce-element-content=\"true\" data-vce-do-apply=\"padding el-170292a3\"><div class=\"vce-single-image-container vce-single-image--align-center\"><div class=\"vce vce-single-image-wrapper\" id=\"el-71861e3a\" data-vce-do-apply=\"all el-71861e3a\"><figure><div class=\"vce-single-image-inner vce-single-image--absolute\" style=\"padding-bottom: 95.069%; width: 507px;\"><img decoding=\"async\" class=\"vce-single-image\" src=\"http:\/\/job4miouest.fr\/wp-content\/uploads\/2021\/01\/schema-action-Job4Mi-Ouest.jpg\" data-img-src=\"http:\/\/job4miouest.fr\/wp-content\/uploads\/2021\/01\/schema-action-Job4Mi-Ouest.jpg\" alt=\"schema action Job4Mi Ouest\" title=\"schema action Job4Mi Ouest\"><\/div><figcaption hidden=\"\"><\/figcaption><\/figure><\/div><\/div><\/div><\/div><\/div><div class=\"vce-col vce-col--md-6-04p vce-col--xs-1 vce-col--xs-last vce-col--xs-first vce-col--sm-last vce-col--sm-first vce-col--md-last vce-col--lg-last vce-col--xl-last\" id=\"el-c06828a8\"><div class=\"vce-col-inner\" data-vce-do-apply=\"border margin background  el-c06828a8\"><div class=\"vce-content-background-container\"><\/div><div class=\"vce-col-content\" data-vce-element-content=\"true\" data-vce-do-apply=\"padding el-c06828a8\"><\/div><\/div><\/div><\/div><\/div><\/div><\/div><\/div><\/div><\/div><\/div><\/div>\n","protected":false},"excerpt":{"rendered":"<p>L&rsquo;associationNotre actionTrois constatsDe nombreuses entreprises de notre r\u00e9gion rencontrent des difficult\u00e9s \u00e0 recruter, en particulier sur les m\u00e9tiers de premiers niveaux de qualifications.Des personnes migrantes,&hellip;<\/p>\n","protected":false},"author":5,"featured_media":0,"parent":0,"menu_order":0,"comment_status":"closed","ping_status":"closed","template":"","meta":{"footnotes":""},"class_list":["post-1366","page","type-page","status-publish","hentry"],"yoast_head":"<!-- This site is optimized with the Yoast SEO plugin v24.9 - https:\/\/yoast.com\/wordpress\/plugins\/seo\/ -->\n<title>Brouillon auto - Job4mi Ouest<\/title>\n<meta name=\"robots\" content=\"index, follow, max-snippet:-1, max-image-preview:large, max-video-preview:-1\" \/>\n<link rel=\"canonical\" href=\"http:\/\/job4miouest.fr\/index.php\/brouillon-auto-2\/\" \/>\n<meta property=\"og:locale\" content=\"fr_FR\" \/>\n<meta property=\"og:type\" content=\"article\" \/>\n<meta property=\"og:title\" content=\"Brouillon auto - Job4mi Ouest\" \/>\n<meta property=\"og:description\" content=\"L&#039;associationNotre actionTrois constatsDe nombreuses entreprises de notre r\u00e9gion rencontrent des difficult\u00e9s \u00e0 recruter, en particulier sur les m\u00e9tiers de premiers niveaux de qualifications.Des personnes migrantes,&hellip;\" \/>\n<meta property=\"og:url\" content=\"http:\/\/job4miouest.fr\/index.php\/brouillon-auto-2\/\" \/>\n<meta property=\"og:site_name\" content=\"Job4mi Ouest\" \/>\n<meta property=\"article:modified_time\" content=\"2021-01-31T17:19:56+00:00\" \/>\n<meta name=\"twitter:card\" content=\"summary_large_image\" \/>\n<script type=\"application\/ld+json\" class=\"yoast-schema-graph\">{\"@context\":\"https:\/\/schema.org\",\"@graph\":[{\"@type\":\"WebPage\",\"@id\":\"http:\/\/job4miouest.fr\/index.php\/brouillon-auto-2\/\",\"url\":\"http:\/\/job4miouest.fr\/index.php\/brouillon-auto-2\/\",\"name\":\"Brouillon auto - Job4mi Ouest\",\"isPartOf\":{\"@id\":\"http:\/\/job4miouest.fr\/#website\"},\"datePublished\":\"2021-01-31T16:44:50+00:00\",\"dateModified\":\"2021-01-31T17:19:56+00:00\",\"breadcrumb\":{\"@id\":\"http:\/\/job4miouest.fr\/index.php\/brouillon-auto-2\/#breadcrumb\"},\"inLanguage\":\"fr-FR\",\"potentialAction\":[{\"@type\":\"ReadAction\",\"target\":[\"http:\/\/job4miouest.fr\/index.php\/brouillon-auto-2\/\"]}]},{\"@type\":\"BreadcrumbList\",\"@id\":\"http:\/\/job4miouest.fr\/index.php\/brouillon-auto-2\/#breadcrumb\",\"itemListElement\":[{\"@type\":\"ListItem\",\"position\":1,\"name\":\"Accueil\",\"item\":\"http:\/\/job4miouest.fr\/\"},{\"@type\":\"ListItem\",\"position\":2,\"name\":\"Brouillon auto\"}]},{\"@type\":\"WebSite\",\"@id\":\"http:\/\/job4miouest.fr\/#website\",\"url\":\"http:\/\/job4miouest.fr\/\",\"name\":\"Job4mi Ouest\",\"description\":\"Ensemble, parcourons les chemins de l\u2019int\u00e9gration par l\u2019emploi\",\"potentialAction\":[{\"@type\":\"SearchAction\",\"target\":{\"@type\":\"EntryPoint\",\"urlTemplate\":\"http:\/\/job4miouest.fr\/?s={search_term_string}\"},\"query-input\":{\"@type\":\"PropertyValueSpecification\",\"valueRequired\":true,\"valueName\":\"search_term_string\"}}],\"inLanguage\":\"fr-FR\"}]}<\/script>\n<!-- \/ Yoast SEO plugin. -->","yoast_head_json":{"title":"Brouillon auto - Job4mi Ouest","robots":{"index":"index","follow":"follow","max-snippet":"max-snippet:-1","max-image-preview":"max-image-preview:large","max-video-preview":"max-video-preview:-1"},"canonical":"http:\/\/job4miouest.fr\/index.php\/brouillon-auto-2\/","og_locale":"fr_FR","og_type":"article","og_title":"Brouillon auto - Job4mi Ouest","og_description":"L'associationNotre actionTrois constatsDe nombreuses entreprises de notre r\u00e9gion rencontrent des difficult\u00e9s \u00e0 recruter, en particulier sur les m\u00e9tiers de premiers niveaux de qualifications.Des personnes migrantes,&hellip;","og_url":"http:\/\/job4miouest.fr\/index.php\/brouillon-auto-2\/","og_site_name":"Job4mi Ouest","article_modified_time":"2021-01-31T17:19:56+00:00","twitter_card":"summary_large_image","schema":{"@context":"https:\/\/schema.org","@graph":[{"@type":"WebPage","@id":"http:\/\/job4miouest.fr\/index.php\/brouillon-auto-2\/","url":"http:\/\/job4miouest.fr\/index.php\/brouillon-auto-2\/","name":"Brouillon auto - Job4mi Ouest","isPartOf":{"@id":"http:\/\/job4miouest.fr\/#website"},"datePublished":"2021-01-31T16:44:50+00:00","dateModified":"2021-01-31T17:19:56+00:00","breadcrumb":{"@id":"http:\/\/job4miouest.fr\/index.php\/brouillon-auto-2\/#breadcrumb"},"inLanguage":"fr-FR","potentialAction":[{"@type":"ReadAction","target":["http:\/\/job4miouest.fr\/index.php\/brouillon-auto-2\/"]}]},{"@type":"BreadcrumbList","@id":"http:\/\/job4miouest.fr\/index.php\/brouillon-auto-2\/#breadcrumb","itemListElement":[{"@type":"ListItem","position":1,"name":"Accueil","item":"http:\/\/job4miouest.fr\/"},{"@type":"ListItem","position":2,"name":"Brouillon auto"}]},{"@type":"WebSite","@id":"http:\/\/job4miouest.fr\/#website","url":"http:\/\/job4miouest.fr\/","name":"Job4mi Ouest","description":"Ensemble, parcourons les chemins de l\u2019int\u00e9gration par l\u2019emploi","potentialAction":[{"@type":"SearchAction","target":{"@type":"EntryPoint","urlTemplate":"http:\/\/job4miouest.fr\/?s={search_term_string}"},"query-input":{"@type":"PropertyValueSpecification","valueRequired":true,"valueName":"search_term_string"}}],"inLanguage":"fr-FR"}]}},"rttpg_featured_image_url":null,"rttpg_author":{"display_name":"Arnaud Ducrest","author_link":"http:\/\/job4miouest.fr\/index.php\/author\/aducrest\/"},"rttpg_comment":0,"rttpg_category":null,"rttpg_excerpt":"L'associationNotre actionTrois constatsDe nombreuses entreprises de notre r\u00e9gion rencontrent des difficult\u00e9s \u00e0 recruter, en particulier sur les m\u00e9tiers de premiers niveaux de qualifications.Des personnes migrantes,&hellip;","_links":{"self":[{"href":"http:\/\/job4miouest.fr\/index.php\/wp-json\/wp\/v2\/pages\/1366","targetHints":{"allow":["GET"]}}],"collection":[{"href":"http:\/\/job4miouest.fr\/index.php\/wp-json\/wp\/v2\/pages"}],"about":[{"href":"http:\/\/job4miouest.fr\/index.php\/wp-json\/wp\/v2\/types\/page"}],"author":[{"embeddable":true,"href":"http:\/\/job4miouest.fr\/index.php\/wp-json\/wp\/v2\/users\/5"}],"replies":[{"embeddable":true,"href":"http:\/\/job4miouest.fr\/index.php\/wp-json\/wp\/v2\/comments?post=1366"}],"version-history":[{"count":14,"href":"http:\/\/job4miouest.fr\/index.php\/wp-json\/wp\/v2\/pages\/1366\/revisions"}],"predecessor-version":[{"id":1381,"href":"http:\/\/job4miouest.fr\/index.php\/wp-json\/wp\/v2\/pages\/1366\/revisions\/1381"}],"wp:attachment":[{"href":"http:\/\/job4miouest.fr\/index.php\/wp-json\/wp\/v2\/media?parent=1366"}],"curies":[{"name":"wp","href":"https:\/\/api.w.org\/{rel}","templated":true}]}}