{"id":1290,"date":"2021-01-20T18:45:27","date_gmt":"2021-01-20T17:45:27","guid":{"rendered":"http:\/\/job4miouest.fr\/?page_id=1290"},"modified":"2025-12-02T18:31:48","modified_gmt":"2025-12-02T17:31:48","slug":"ca","status":"publish","type":"page","link":"http:\/\/job4miouest.fr\/index.php\/ca\/","title":{"rendered":"Conseil d&rsquo;administration"},"content":{"rendered":"<div class=\"vce-row-container\"><div class=\"vce-row vce-row--xl--has-col-background vce-row--lg--has-col-background vce-row--md--has-col-background vce-row--sm--has-col-background vce-row--xs--has-col-background vce-element--has-background vce-row--col-gap-30 intro-h1 vce-row-equal-height vce-row-content--top\" data-vce-full-width=\"true\" data-vce-stretch-content=\"true\" id=\"el-f3694af9\" data-vce-do-apply=\"all el-f3694af9\"><div class=\"vce-content-background-container\"><\/div><div class=\"vce-row-content\" data-vce-element-content=\"true\"><div class=\"vce-col vce-element--xl--has-background vce-element--lg--has-background vce-element--md--has-background vce-element--sm--has-background vce-element--xs--has-background vce-col--xs-100p vce-col--xs-visible vce-col--xs-last vce-col--xs-first vce-col--sm-100p vce-col--sm-visible vce-col--sm-last vce-col--sm-first vce-col--md-100p vce-col--md-visible vce-col--md-last vce-col--md-first vce-col--lg-100p vce-col--lg-visible vce-col--lg-last vce-col--lg-first vce-col--xl-58p vce-col--xl-visible vce-col--xl-first\" id=\"el-b9c8bc0f\"><div class=\"vce-col-inner\" data-vce-do-apply=\"border margin background  el-b9c8bc0f\"><div class=\"vce-content-background-container\"><div class=\"vce-asset-background-simple-container vce-visible-xl-only vce-asset-background-simple--style-no-repeat vce-asset-background-simple--position-left-top\"><div class=\"vce-asset-background-simple\"><div class=\"vce-asset-background-simple-item\" style=\"background-image: url('http:\/\/job4miouest.fr\/wp-content\/uploads\/2020\/11\/JOB4mi-association-element-graph-6.png');\"><\/div><\/div><\/div><div class=\"vce-asset-background-simple-container vce-visible-lg-only vce-asset-background-simple--style-no-repeat vce-asset-background-simple--position-left-top\"><div class=\"vce-asset-background-simple\"><div class=\"vce-asset-background-simple-item\" style=\"background-image: url('http:\/\/job4miouest.fr\/wp-content\/uploads\/2020\/11\/JOB4mi-association-element-graph-6.png');\"><\/div><\/div><\/div><div class=\"vce-asset-background-simple-container vce-visible-md-only vce-asset-background-simple--style-no-repeat vce-asset-background-simple--position-left-top\"><div class=\"vce-asset-background-simple\"><div class=\"vce-asset-background-simple-item\" style=\"background-image: url('http:\/\/job4miouest.fr\/wp-content\/uploads\/2020\/11\/JOB4mi-association-element-graph-6.png');\"><\/div><\/div><\/div><div class=\"vce-asset-background-simple-container vce-visible-sm-only vce-asset-background-simple--style-no-repeat vce-asset-background-simple--position-left-top\"><div class=\"vce-asset-background-simple\"><div class=\"vce-asset-background-simple-item\" style=\"background-image: url('http:\/\/job4miouest.fr\/wp-content\/uploads\/2020\/11\/JOB4mi-association-element-graph-6.png');\"><\/div><\/div><\/div><div class=\"vce-asset-background-simple-container vce-visible-xs-only vce-asset-background-simple--style-no-repeat vce-asset-background-simple--position-left-top\"><div class=\"vce-asset-background-simple\"><div class=\"vce-asset-background-simple-item\" style=\"background-image: url('http:\/\/job4miouest.fr\/wp-content\/uploads\/2020\/11\/JOB4mi-association-element-graph-6.png');\"><\/div><\/div><\/div><\/div><div class=\"vce-col-content\" data-vce-element-content=\"true\" data-vce-do-apply=\"padding el-b9c8bc0f\"><div class=\"vce-text-block\"><div class=\"vce-text-block-wrapper vce\" id=\"el-1e124129\" data-vce-do-apply=\"all el-1e124129\"><h1 style=\"text-align: center;\">L'association<\/h1><\/div><\/div><div class=\"vce vce-separator-container vce-separator--align-center vce-separator--style-solid\" id=\"el-a85929d4\" data-vce-do-apply=\"margin el-a85929d4\"><div class=\"vce-separator vce-separator--color-b-58-80-141 vce-separator--width-14 vce-separator--thickness-4\" data-vce-do-apply=\"border padding background  el-a85929d4\"><\/div><\/div><div class=\"vce-text-block\"><div class=\"vce-text-block-wrapper vce\" id=\"el-bbf97ca3\" data-vce-do-apply=\"all el-bbf97ca3\"><h2 style=\"text-align: center;\">Conseil d'administration<\/h2><\/div><\/div><\/div><\/div><\/div><div class=\"vce-col vce-col--xs-100p vce-col--xs-visible vce-col--xs-last vce-col--xs-first vce-col--sm-100p vce-col--sm-visible vce-col--sm-last vce-col--sm-first vce-col--md-100p vce-col--md-visible vce-col--md-last vce-col--md-first vce-col--lg-100p vce-col--lg-visible vce-col--lg-last vce-col--lg-first vce-col--xl-42p vce-col--xl-visible vce-col--xl-last\" id=\"el-76d4cf08\"><div class=\"vce-col-inner\" data-vce-do-apply=\"border margin background  el-76d4cf08\"><div class=\"vce-content-background-container\"><\/div><div class=\"vce-col-content\" data-vce-element-content=\"true\" data-vce-do-apply=\"padding el-76d4cf08\"><div><\/div><\/div><\/div><\/div><\/div><\/div><\/div><div class=\"vce-row-container\" data-vce-boxed-width=\"true\"><div class=\"vce-row vce-row--col-gap-30 content-page yellow vce-row-equal-height vce-row-content--top\" id=\"el-a39d7db7\" data-vce-do-apply=\"all el-a39d7db7\"><div class=\"vce-content-background-container\"><\/div><div class=\"vce-row-content\" data-vce-element-content=\"true\"><div class=\"vce-col vce-col--md-auto vce-col--xs-1 vce-col--xs-last vce-col--xs-first vce-col--sm-last vce-col--sm-first vce-col--md-last vce-col--lg-last vce-col--xl-last vce-col--md-first vce-col--lg-first vce-col--xl-first\" id=\"el-59c468ca\"><div class=\"vce-col-inner\" data-vce-do-apply=\"border margin background  el-59c468ca\"><div class=\"vce-col-content\" data-vce-element-content=\"true\" data-vce-do-apply=\"padding el-59c468ca\"><div class=\"vce-row-container\" data-vce-boxed-width=\"true\"><div class=\"vce-row vce-row--col-gap-30 vce-row-equal-height vce-row-content--top\" id=\"el-23f09549\" data-vce-do-apply=\"all el-23f09549\"><div class=\"vce-content-background-container\"><\/div><div class=\"vce-row-content\" data-vce-element-content=\"true\"><div class=\"vce-col vce-col--md-auto vce-col--xs-1 vce-col--xs-last vce-col--xs-first vce-col--sm-last vce-col--sm-first vce-col--md-first vce-col--lg-first vce-col--xl-first\" id=\"el-5978bb42\"><div class=\"vce-col-inner\" data-vce-do-apply=\"border margin background  el-5978bb42\"><div class=\"vce-col-content\" data-vce-element-content=\"true\" data-vce-do-apply=\"padding el-5978bb42\"><div class=\"vce-text-block\"><div class=\"vce-text-block-wrapper vce\" id=\"el-93b55a6c\" data-vce-do-apply=\"all el-93b55a6c\"><p><strong>Fondateurs&nbsp;&nbsp;&nbsp;&nbsp;&nbsp;&nbsp; <\/strong><\/p>\n<p>Secours catholique : Claude Huchet; L'entraide du Diaconat Protestant : Philippe Ol\u00e9ron, Administrateur; L'Accueil d\u2019abord : Martine Champ, copr\u00e9sidente&nbsp; &nbsp; &nbsp; &nbsp; &nbsp; &nbsp; &nbsp; &nbsp; &nbsp; &nbsp; &nbsp; &nbsp; &nbsp; &nbsp; JRS-Loire-Atlantique : Catherine Jacobs<\/p>\n<p><strong>Signataires de la charte<\/strong><\/p>\n<p>UFUT Une famille un toit, Capucine Michau et Nathalie Arnold (titulaire\/suppl\u00e9ant), Directrice \/ administratrice; Les Eaux Vives, Pascal Dutronc, Directeur g\u00e9n\u00e9ral; ADC Propret\u00e9, Rudolf Pennec, Directeur g\u00e9n\u00e9ral; Equans, Thomas Druais, Directeur d'agence&nbsp; &nbsp; &nbsp; &nbsp; &nbsp;<\/p>\n<p><strong>B\u00e9n\u00e9voles<\/strong><\/p>\n<p>Arnaud du Crest, Bernard Lattes, Blanche Lermite, Consultante;&nbsp;D\u00e9bora Heller, Directrice Diaconat Protestant; Dominique Riou, Eric de Montgolfier, Christine Berengolc<\/p>\n<p>&nbsp;<\/p>\n<p>&nbsp;<\/p><\/div><\/div><\/div><\/div><\/div><div class=\"vce-col vce-col--md-31-81p vce-col--xs-1 vce-col--xs-last vce-col--xs-first vce-col--sm-last vce-col--sm-first vce-col--md-last vce-col--lg-last vce-col--xl-last\" id=\"el-eabbed85\"><div class=\"vce-col-inner\" data-vce-do-apply=\"border margin background  el-eabbed85\"><div class=\"vce-content-background-container\"><\/div><div class=\"vce-col-content\" data-vce-element-content=\"true\" data-vce-do-apply=\"padding el-eabbed85\"><div class=\"vce vce-separator-container vce-separator--align-right vce-separator--style-solid\" id=\"el-0fb70ffa\" data-vce-do-apply=\"margin el-0fb70ffa\"><div class=\"vce-separator vce-separator--color-b-246-182-12 vce-separator--width-40 vce-separator--thickness-4\" data-vce-do-apply=\"border padding background  el-0fb70ffa\"><\/div><\/div><div class=\"vce-text-block\"><div class=\"vce-text-block-wrapper vce\" id=\"el-a1d8e313\" data-vce-do-apply=\"all el-a1d8e313\"><p style=\"text-align: right;\">Le Conseil d\u2019administration est compos\u00e9 de 3 coll\u00e8ges :<\/p>\n<p style=\"text-align: right;\">les fondateurs,<\/p>\n<p style=\"text-align: right;\">les signataires de la charte<\/p>\n<p style=\"text-align: right;\">les b\u00e9n\u00e9voles.<\/p>\n<p style=\"text-align: right;\"><em>Composition du CA \u00e9lu lors de l\u2019AG de 2024<\/em><\/p><\/div><\/div><\/div><\/div><\/div><\/div><\/div><\/div><\/div><\/div><\/div><\/div><\/div><\/div><div class=\"vce-row-container\" data-vce-boxed-width=\"true\"><div class=\"vce-row vce-element--xl--has-background vce-element--lg--has-background vce-element--md--has-background vce-element--sm--has-background vce-element--xs--has-background vce-row--col-gap-30 content-page yellow vce-row-equal-height vce-row-content--top\" id=\"el-1e374f63\" data-vce-do-apply=\"all el-1e374f63\"><div class=\"vce-content-background-container\"><div class=\"vce-asset-background-simple-container vce-visible-xl-only vce-asset-background-simple--style-no-repeat vce-asset-background-simple--position-right-bottom\"><div class=\"vce-asset-background-simple\"><div class=\"vce-asset-background-simple-item\" style=\"background-image: url('http:\/\/job4miouest.fr\/wp-content\/uploads\/2020\/11\/JOB4mi-association-element-graph-1.png');\"><\/div><\/div><\/div><div class=\"vce-asset-background-simple-container vce-visible-lg-only vce-asset-background-simple--style-no-repeat vce-asset-background-simple--position-right-bottom\"><div class=\"vce-asset-background-simple\"><div class=\"vce-asset-background-simple-item\" style=\"background-image: url('http:\/\/job4miouest.fr\/wp-content\/uploads\/2020\/11\/JOB4mi-association-element-graph-1.png');\"><\/div><\/div><\/div><div class=\"vce-asset-background-simple-container vce-visible-md-only vce-asset-background-simple--style-no-repeat vce-asset-background-simple--position-right-bottom\"><div class=\"vce-asset-background-simple\"><div class=\"vce-asset-background-simple-item\" style=\"background-image: url('http:\/\/job4miouest.fr\/wp-content\/uploads\/2020\/11\/JOB4mi-association-element-graph-1.png');\"><\/div><\/div><\/div><div class=\"vce-asset-background-simple-container vce-visible-sm-only vce-asset-background-simple--style-no-repeat vce-asset-background-simple--position-right-bottom\"><div class=\"vce-asset-background-simple\"><div class=\"vce-asset-background-simple-item\" style=\"background-image: url('http:\/\/job4miouest.fr\/wp-content\/uploads\/2020\/11\/JOB4mi-association-element-graph-1.png');\"><\/div><\/div><\/div><div class=\"vce-asset-background-simple-container vce-visible-xs-only vce-asset-background-simple--style-no-repeat vce-asset-background-simple--position-right-bottom\"><div class=\"vce-asset-background-simple\"><div class=\"vce-asset-background-simple-item\" style=\"background-image: url('http:\/\/job4miouest.fr\/wp-content\/uploads\/2020\/11\/JOB4mi-association-element-graph-1.png');\"><\/div><\/div><\/div><\/div><div class=\"vce-row-content\" data-vce-element-content=\"true\"><div class=\"vce-col vce-col--md-auto vce-col--xs-1 vce-col--xs-last vce-col--xs-first vce-col--sm-last vce-col--sm-first vce-col--md-last vce-col--lg-last vce-col--xl-last vce-col--md-first vce-col--lg-first vce-col--xl-first\" id=\"el-80fb8673\"><div class=\"vce-col-inner\" data-vce-do-apply=\"border margin background  el-80fb8673\"><div class=\"vce-col-content\" data-vce-element-content=\"true\" data-vce-do-apply=\"padding el-80fb8673\"><div class=\"vce-row-container\" data-vce-boxed-width=\"true\"><div class=\"vce-row vce-row--col-gap-30 vce-row-equal-height vce-row-content--top\" id=\"el-87976ad5\" data-vce-do-apply=\"all el-87976ad5\"><div class=\"vce-row-content\" data-vce-element-content=\"true\"><div class=\"vce-col vce-col--md-66-66p vce-col--xs-1 vce-col--xs-last vce-col--xs-first vce-col--sm-last vce-col--sm-first vce-col--md-first vce-col--lg-first vce-col--xl-first\" id=\"el-edfbfac0\"><div class=\"vce-col-inner\" data-vce-do-apply=\"border margin background  el-edfbfac0\"><div class=\"vce-col-content\" data-vce-element-content=\"true\" data-vce-do-apply=\"padding el-edfbfac0\"><div class=\"vce-text-block\"><div class=\"vce-text-block-wrapper vce\" id=\"el-12d543ae\" data-vce-do-apply=\"all el-12d543ae\"><h3>Le Bureau<\/h3><\/div><\/div><div class=\"vce vce-separator-container vce-separator--align-left vce-separator--style-solid\" id=\"el-1012e7e9\" data-vce-do-apply=\"margin el-1012e7e9\"><div class=\"vce-separator vce-separator--color-b-246-182-12 vce-separator--width-6 vce-separator--thickness-4\" data-vce-do-apply=\"border padding background  el-1012e7e9\"><\/div><\/div><div class=\"vce-text-block\"><div class=\"vce-text-block-wrapper vce\" id=\"el-d701b062\" data-vce-do-apply=\"all el-d701b062\"><p>Six co-pr\u00e9sidents et co-pr\u00e9sidentes : Bernard Lattes,&nbsp;Catherine Jacobs,&nbsp;Christine Berengolc,&nbsp;Claude Huchet,&nbsp;Dominique Riou,&nbsp;Eric de Montgolfier, tr\u00e9sorier<\/p>\n<p>&nbsp;<\/p>\n<p>&nbsp;<\/p>\n<p>&nbsp;<\/p><\/div><\/div><\/div><\/div><\/div><div class=\"vce-col vce-col--md-33-34p vce-col--xs-1 vce-col--xs-last vce-col--xs-first vce-col--sm-last vce-col--sm-first vce-col--md-last vce-col--lg-last vce-col--xl-last\" id=\"el-be468a9e\"><div class=\"vce-col-inner\" data-vce-do-apply=\"border margin background  el-be468a9e\"><div class=\"vce-content-background-container\"><\/div><div class=\"vce-col-content\" data-vce-element-content=\"true\" data-vce-do-apply=\"padding el-be468a9e\"><div><\/div><\/div><\/div><\/div><\/div><\/div><\/div><\/div><\/div><\/div><\/div><\/div><\/div>","protected":false},"excerpt":{"rendered":"<p>L&rsquo;associationConseil d&rsquo;administrationFondateurs&nbsp;&nbsp;&nbsp;&nbsp;&nbsp;&nbsp; Secours catholique : Claude Huchet; L&rsquo;entraide du Diaconat Protestant : Philippe Ol\u00e9ron, Administrateur; L&rsquo;Accueil d\u2019abord : Martine Champ, copr\u00e9sidente&nbsp; &nbsp; &nbsp; &nbsp; &nbsp;&hellip;<\/p>\n","protected":false},"author":0,"featured_media":0,"parent":0,"menu_order":0,"comment_status":"closed","ping_status":"closed","template":"","meta":{"footnotes":""},"class_list":["post-1290","page","type-page","status-publish","hentry"],"yoast_head":"<!-- This site is optimized with the Yoast SEO plugin v24.9 - https:\/\/yoast.com\/wordpress\/plugins\/seo\/ -->\n<title>Conseil d&#039;administration - Job4mi Ouest<\/title>\n<meta name=\"description\" content=\"Le Conseil d&#039;administration comprend 3 coll\u00e8ges\" \/>\n<meta name=\"robots\" content=\"index, follow, max-snippet:-1, max-image-preview:large, max-video-preview:-1\" \/>\n<link rel=\"canonical\" href=\"http:\/\/job4miouest.fr\/index.php\/ca\/\" \/>\n<meta property=\"og:locale\" content=\"fr_FR\" \/>\n<meta property=\"og:type\" content=\"article\" \/>\n<meta property=\"og:title\" content=\"Conseil d&#039;administration - Job4mi Ouest\" \/>\n<meta property=\"og:description\" content=\"Le Conseil d&#039;administration comprend 3 coll\u00e8ges\" \/>\n<meta property=\"og:url\" content=\"http:\/\/job4miouest.fr\/index.php\/ca\/\" \/>\n<meta property=\"og:site_name\" content=\"Job4mi Ouest\" \/>\n<meta property=\"article:modified_time\" content=\"2025-12-02T17:31:48+00:00\" \/>\n<meta name=\"twitter:card\" content=\"summary_large_image\" \/>\n<meta name=\"twitter:label1\" content=\"Dur\u00e9e de lecture estim\u00e9e\" \/>\n\t<meta name=\"twitter:data1\" content=\"1 minute\" \/>\n<script type=\"application\/ld+json\" class=\"yoast-schema-graph\">{\"@context\":\"https:\/\/schema.org\",\"@graph\":[{\"@type\":\"WebPage\",\"@id\":\"http:\/\/job4miouest.fr\/index.php\/ca\/\",\"url\":\"http:\/\/job4miouest.fr\/index.php\/ca\/\",\"name\":\"Conseil d'administration - Job4mi Ouest\",\"isPartOf\":{\"@id\":\"http:\/\/job4miouest.fr\/#website\"},\"datePublished\":\"2021-01-20T17:45:27+00:00\",\"dateModified\":\"2025-12-02T17:31:48+00:00\",\"description\":\"Le Conseil d'administration comprend 3 coll\u00e8ges\",\"breadcrumb\":{\"@id\":\"http:\/\/job4miouest.fr\/index.php\/ca\/#breadcrumb\"},\"inLanguage\":\"fr-FR\",\"potentialAction\":[{\"@type\":\"ReadAction\",\"target\":[\"http:\/\/job4miouest.fr\/index.php\/ca\/\"]}]},{\"@type\":\"BreadcrumbList\",\"@id\":\"http:\/\/job4miouest.fr\/index.php\/ca\/#breadcrumb\",\"itemListElement\":[{\"@type\":\"ListItem\",\"position\":1,\"name\":\"Accueil\",\"item\":\"https:\/\/job4miouest.fr\/\"},{\"@type\":\"ListItem\",\"position\":2,\"name\":\"Conseil d&rsquo;administration\"}]},{\"@type\":\"WebSite\",\"@id\":\"http:\/\/job4miouest.fr\/#website\",\"url\":\"http:\/\/job4miouest.fr\/\",\"name\":\"Job4mi Ouest\",\"description\":\"Ensemble, parcourons les chemins de l\u2019int\u00e9gration par l\u2019emploi\",\"potentialAction\":[{\"@type\":\"SearchAction\",\"target\":{\"@type\":\"EntryPoint\",\"urlTemplate\":\"http:\/\/job4miouest.fr\/?s={search_term_string}\"},\"query-input\":{\"@type\":\"PropertyValueSpecification\",\"valueRequired\":true,\"valueName\":\"search_term_string\"}}],\"inLanguage\":\"fr-FR\"}]}<\/script>\n<!-- \/ Yoast SEO plugin. -->","yoast_head_json":{"title":"Conseil d'administration - Job4mi Ouest","description":"Le Conseil d'administration comprend 3 coll\u00e8ges","robots":{"index":"index","follow":"follow","max-snippet":"max-snippet:-1","max-image-preview":"max-image-preview:large","max-video-preview":"max-video-preview:-1"},"canonical":"http:\/\/job4miouest.fr\/index.php\/ca\/","og_locale":"fr_FR","og_type":"article","og_title":"Conseil d'administration - Job4mi Ouest","og_description":"Le Conseil d'administration comprend 3 coll\u00e8ges","og_url":"http:\/\/job4miouest.fr\/index.php\/ca\/","og_site_name":"Job4mi Ouest","article_modified_time":"2025-12-02T17:31:48+00:00","twitter_card":"summary_large_image","twitter_misc":{"Dur\u00e9e de lecture estim\u00e9e":"1 minute"},"schema":{"@context":"https:\/\/schema.org","@graph":[{"@type":"WebPage","@id":"http:\/\/job4miouest.fr\/index.php\/ca\/","url":"http:\/\/job4miouest.fr\/index.php\/ca\/","name":"Conseil d'administration - Job4mi Ouest","isPartOf":{"@id":"http:\/\/job4miouest.fr\/#website"},"datePublished":"2021-01-20T17:45:27+00:00","dateModified":"2025-12-02T17:31:48+00:00","description":"Le Conseil d'administration comprend 3 coll\u00e8ges","breadcrumb":{"@id":"http:\/\/job4miouest.fr\/index.php\/ca\/#breadcrumb"},"inLanguage":"fr-FR","potentialAction":[{"@type":"ReadAction","target":["http:\/\/job4miouest.fr\/index.php\/ca\/"]}]},{"@type":"BreadcrumbList","@id":"http:\/\/job4miouest.fr\/index.php\/ca\/#breadcrumb","itemListElement":[{"@type":"ListItem","position":1,"name":"Accueil","item":"https:\/\/job4miouest.fr\/"},{"@type":"ListItem","position":2,"name":"Conseil d&rsquo;administration"}]},{"@type":"WebSite","@id":"http:\/\/job4miouest.fr\/#website","url":"http:\/\/job4miouest.fr\/","name":"Job4mi Ouest","description":"Ensemble, parcourons les chemins de l\u2019int\u00e9gration par l\u2019emploi","potentialAction":[{"@type":"SearchAction","target":{"@type":"EntryPoint","urlTemplate":"http:\/\/job4miouest.fr\/?s={search_term_string}"},"query-input":{"@type":"PropertyValueSpecification","valueRequired":true,"valueName":"search_term_string"}}],"inLanguage":"fr-FR"}]}},"rttpg_featured_image_url":null,"rttpg_author":{"display_name":"","author_link":"http:\/\/job4miouest.fr\/index.php\/author\/"},"rttpg_comment":0,"rttpg_category":null,"rttpg_excerpt":"L'associationConseil d'administrationFondateurs&nbsp;&nbsp;&nbsp;&nbsp;&nbsp;&nbsp; Secours catholique : Claude Huchet; L'entraide du Diaconat Protestant : Philippe Ol\u00e9ron, Administrateur; L'Accueil d\u2019abord : Martine Champ, copr\u00e9sidente&nbsp; &nbsp; &nbsp; &nbsp; &nbsp;&hellip;","_links":{"self":[{"href":"http:\/\/job4miouest.fr\/index.php\/wp-json\/wp\/v2\/pages\/1290","targetHints":{"allow":["GET"]}}],"collection":[{"href":"http:\/\/job4miouest.fr\/index.php\/wp-json\/wp\/v2\/pages"}],"about":[{"href":"http:\/\/job4miouest.fr\/index.php\/wp-json\/wp\/v2\/types\/page"}],"replies":[{"embeddable":true,"href":"http:\/\/job4miouest.fr\/index.php\/wp-json\/wp\/v2\/comments?post=1290"}],"version-history":[{"count":31,"href":"http:\/\/job4miouest.fr\/index.php\/wp-json\/wp\/v2\/pages\/1290\/revisions"}],"predecessor-version":[{"id":2193,"href":"http:\/\/job4miouest.fr\/index.php\/wp-json\/wp\/v2\/pages\/1290\/revisions\/2193"}],"wp:attachment":[{"href":"http:\/\/job4miouest.fr\/index.php\/wp-json\/wp\/v2\/media?parent=1290"}],"curies":[{"name":"wp","href":"https:\/\/api.w.org\/{rel}","templated":true}]}}